{"id":11,"date":"2016-01-01T19:03:29","date_gmt":"2016-01-01T18:03:29","guid":{"rendered":"http:\/\/neu.zimbabwe-netzwerk.de\/?page_id=11"},"modified":"2023-11-06T16:12:42","modified_gmt":"2023-11-06T15:12:42","slug":"ueber-uns","status":"publish","type":"page","link":"https:\/\/www.zimbabwe-netzwerk.de\/home\/ueber-uns\/","title":{"rendered":"\u00dcber uns"},"content":{"rendered":"<p style=\"text-align: right;\"><em><img loading=\"lazy\" decoding=\"async\" class=\"alignnone wp-image-829\" src=\"\/wp-content\/uploads\/2018\/02\/SAM_2294_bea.jpg\" alt=\"\" width=\"397\" height=\"277\"><img loading=\"lazy\" decoding=\"async\" class=\"alignleft wp-image-828\" src=\"\/wp-content\/uploads\/2018\/02\/SAM_2249_bea.jpg\" alt=\"\" width=\"290\" height=\"260\" srcset=\"https:\/\/www.zimbabwe-netzwerk.de\/wp-content\/uploads\/2018\/02\/SAM_2249_bea.jpg 649w, https:\/\/www.zimbabwe-netzwerk.de\/wp-content\/uploads\/2018\/02\/SAM_2249_bea-300x269.jpg 300w\" sizes=\"auto, (max-width: 290px) 100vw, 290px\" \/><\/em><em>Mitgliederversammlung 2018<\/em><span style=\"color: #ff00ff;\"><br \/>\n<\/span><\/p>\n<p><strong>ZIMBABWE NETZWERK e.V.<\/strong><br \/>\nSeit 1982 bietet das <strong>Zimbabwe Netzwerk<\/strong> (ZN) allen Zimbabwe-Interessierten ein Forum f\u00fcr Information, Diskussion und Begegnung.<br \/>\nMenschen, die Projekte in Zimbabwe unterst\u00fctzen, Schulpartnerschaften pflegen, ZimbabwerInnen, die in Deutschland leben, Deutsche, die in Zimbabwe gearbeitet haben, all diese engagieren sich im Zimbabwe Netzwerk f\u00fcr einen Austausch auf Augenh\u00f6he.<br \/>\nVeranstaltungen des <strong>Zimbabwe Netzwerks<\/strong> leben von dem partnerschaftlichen Austausch mit G\u00e4sten der zimbab\u00adwischen Zivilgesellschaft.<br \/>\nUnsere l\u00e4nderspezifischen Erfahrungen nutzen wir, um Ungerechtigkeiten im Nord-S\u00fcd-Verh\u00e4ltnis zu benennen. Wir engagieren uns in Kampagnen wie im AIDS Netzwerk und setzen Impulse wie z.B. zum Thema Ern\u00e4hrungssicherung.<br \/>\nNeue Mitglieder \u2013 aktive und f\u00f6rdernde \u2013 sind herzlich willkommen.<\/p>\n","protected":false},"excerpt":{"rendered":"<p>Mitgliederversammlung 2018 ZIMBABWE NETZWERK e.V. Seit 1982 bietet das Zimbabwe Netzwerk (ZN) allen Zimbabwe-Interessierten ein Forum f\u00fcr Information, Diskussion und Begegnung. Menschen, die Projekte in Zimbabwe unterst\u00fctzen, Schulpartnerschaften pflegen, ZimbabwerInnen, die in Deutschland leben, Deutsche, die in Zimbabwe gearbeitet haben,<\/p>\n","protected":false},"author":1,"featured_media":0,"parent":0,"menu_order":2,"comment_status":"closed","ping_status":"closed","template":"","meta":{"footnotes":""},"class_list":["post-11","page","type-page","status-publish","hentry"],"_links":{"self":[{"href":"https:\/\/www.zimbabwe-netzwerk.de\/home\/wp-json\/wp\/v2\/pages\/11","targetHints":{"allow":["GET"]}}],"collection":[{"href":"https:\/\/www.zimbabwe-netzwerk.de\/home\/wp-json\/wp\/v2\/pages"}],"about":[{"href":"https:\/\/www.zimbabwe-netzwerk.de\/home\/wp-json\/wp\/v2\/types\/page"}],"author":[{"embeddable":true,"href":"https:\/\/www.zimbabwe-netzwerk.de\/home\/wp-json\/wp\/v2\/users\/1"}],"replies":[{"embeddable":true,"href":"https:\/\/www.zimbabwe-netzwerk.de\/home\/wp-json\/wp\/v2\/comments?post=11"}],"version-history":[{"count":37,"href":"https:\/\/www.zimbabwe-netzwerk.de\/home\/wp-json\/wp\/v2\/pages\/11\/revisions"}],"predecessor-version":[{"id":1965,"href":"https:\/\/www.zimbabwe-netzwerk.de\/home\/wp-json\/wp\/v2\/pages\/11\/revisions\/1965"}],"wp:attachment":[{"href":"https:\/\/www.zimbabwe-netzwerk.de\/home\/wp-json\/wp\/v2\/media?parent=11"}],"curies":[{"name":"wp","href":"https:\/\/api.w.org\/{rel}","templated":true}]}}