{"id":22,"date":"2016-01-01T19:08:25","date_gmt":"2016-01-01T18:08:25","guid":{"rendered":"http:\/\/neu.zimbabwe-netzwerk.de\/?page_id=22"},"modified":"2024-03-15T09:48:43","modified_gmt":"2024-03-15T08:48:43","slug":"weitere-links","status":"publish","type":"page","link":"https:\/\/www.zimbabwe-netzwerk.de\/home\/weitere-links\/","title":{"rendered":"Links"},"content":{"rendered":"<p><a href=\"https:\/\/www.facebook.com\/Zimbabwe-Netzwerk-Germany-2408568382695534\/\">Zimbabwe Netzwerk auf Facebook<\/a><\/p>\n<p>Die im weiteren aufgelisteten Verweise f\u00fchren auf Dokumente, die nicht von uns betreut werden.<\/p>\n<h6><\/h6>\n<h6>Weitere Gruppierungen, die sich mit dem s\u00fcdlichen Afrika besch\u00e4ftigen.<\/h6>\n<p><strong>Weltfriedensdienst:<\/strong><\/p>\n<p><a href=\"https:\/\/wfd.de\/nothilfe\/simbabwe\/\" target=\"_blank\" rel=\"noopener noreferrer\">Nothilfe Simbabwe<\/a><\/p>\n<p><strong>Koordinierungskreis Mosambik<\/strong><br \/>\n<a href=\"http:\/\/www.kkmosambik.de\/\">Unsere Schwesterorganisation, die sich mit Mosambik besch\u00e4ftigt.<\/a><\/p>\n<p><strong>Koordination S\u00fcdliches Afrika<\/strong><br \/>\nDie <a href=\"http:\/\/www.kosa.org\/\">Koordination S\u00fcdliches Afrika e.V.<\/a> ist ein bundesweiter Zusammenschluss von entwicklungspolitischen Gruppen und Einzelpersonen, die thematisch zur Region S\u00fcdliches Afrika arbeiten. Seit Ende August 2001 ist KOSA auch Nachfolgeorganisation des Vereins &#8222;Afrika-S\u00fcd Aktionsb\u00fcndnis&#8220; (AAB), der ehemaligen Anti-Apartheid-Bewegung.<\/p>\n<p><strong>Welthaus Bielefeld<\/strong><br \/>\nDas <a href=\"http:\/\/www.welthaus.de\/\" target=\"_blank\" rel=\"noopener noreferrer\">Welthaus Bielefeld<\/a> versteht sich als unabh\u00e4ngige entwicklungspolitische Einrichtung. Es gibt eine Hausgruppe zum S\u00fcdlichen Afrika.<\/p>\n<p><strong>Informationsstelle S\u00fcdliches Afrika<\/strong><br \/>\nDie <a href=\"http:\/\/www.issa-bonn.org\/\" target=\"_blank\" rel=\"noopener noreferrer\">Informationsstelle S\u00fcdliches Afrika<\/a>, kurz issa, bietet seit 1971 ein umfangreiches Informationsangebot zu politischen, wirtschaftlichen, sozialen und kulturellen Entwicklungen im S\u00fcdlichen Afrika.<\/p>\n<p><a href=\"http:\/\/africanclimatevoices.com\/\" target=\"_blank\" rel=\"noopener noreferrer\">African Climate Voices<\/a>, eine neue Webseite der issa mit Fokus auf den SADC-L\u00e4ndern bringt viele Informationen zu Klimawandel und Zimbabwe.<\/p>\n<p><strong>Netzwerk Afrika Deutschland<\/strong><br \/>\nDas <a href=\"http:\/\/www.netzwerkafrika.de\/\" target=\"_blank\" rel=\"noopener noreferrer\">Netzwerk Afrika Deutschland<\/a> &#8222;Glaube und Gerechtigkeit&#8220;, gegr\u00fcndet 1998, ist ein Zusammenschluss von inzwischen \u00fcber 40 Ordensgemeinschaften, die in Afrika Missions- und Entwicklungsarbeit leisten.<\/p>\n<p><strong>N\u00fcrnberger Initiative f\u00fcr Afrika<\/strong><br \/>\n<a href=\"http:\/\/www.nifa-bayern.de\" target=\"_blank\" rel=\"noopener noreferrer\">NIfA<\/a> ist ein Netzwerk vieler Vereine, Initiativen, Einzelpersonen und Institutionen in N\u00fcrnberg. Eine zentrale Aktion sind die j\u00e4hrlichen AKWABA-Afrikatage.<\/p>\n<p><strong>Kernen-Masvingo-Gesellschaft e.V.<\/strong><br \/>\nDie <a href=\"http:\/\/www.kernen-masvingo.de\/\" target=\"_blank\" rel=\"noopener noreferrer\">Kernen-Masvingo-Gesellschaft e.V.<\/a> ist in Simbabwe\/Masvingo im Rahmen einer St\u00e4dtepartnerschaft aktiv.<\/p>\n<p><strong>Schulpartnerschaft MNGe Bielefeld \u2013 Nkululeko \u2013 Ascot<\/strong><br \/>\n<a href=\"http:\/\/www.youngagement-zimbabwe.de\/\" target=\"_blank\" rel=\"noopener noreferrer\">Youngagement for Zimbabwe<\/a> ist die Webseite zur Schulpartnerschaft zwischen der Martin-Niem\u00f6ller-Gesamtschule in Bielefeld und der Nkululeko High School und der Ascot Secondary School in Simbabwe.<\/p>\n<p><strong>Aktionsgemeinschaft Solidarische Welt e.V.<\/strong><br \/>\nDie <a href=\"http:\/\/www.aswnet.de\/\" target=\"_blank\" rel=\"noopener noreferrer\">ASW<\/a> f\u00f6rdert Projekte in Afrika, darunter mehrere Projekte in Zimbabwe, in Indien und Brasilien, die zur St\u00e4rkung der Frauenrechte, dem Schutz der Umwelt und der Durchsetzung aller Menschenrechte beitragen.<\/p>\n<p><strong>Zimbabwe Europe Network<\/strong><br \/>\nDie Facebook-Seite des<a href=\"https:\/\/www.facebook.com\/Zimbabwe-Europe-Network-218480831518975\/\" target=\"_blank\" rel=\"noopener noreferrer\"> Zimbabwe Europe Network (ZEN)<\/a> finden Sie hier.<\/p>\n<hr>\n<h6 style=\"text-align: left;\">Informationen (direkt) aus Simbabwe<\/h6>\n<p><strong>Simbabwische Presse im World Wide Web<\/strong><\/p>\n<p><a href=\"http:\/\/www.theindependent.co.zw\/\" target=\"_blank\" rel=\"noopener noreferrer\">Zimbabwe Independent<\/a><br \/>\n<a href=\"https:\/\/www.dailynews.co.zw\/\" target=\"_blank\" rel=\"noopener noreferrer\">The Daily News<\/a><br \/>\n<a href=\"http:\/\/www.sundaymail.co.zw\/\" target=\"_blank\" rel=\"noopener noreferrer\">Sunday Mail<\/a><br \/>\n<a href=\"http:\/\/www.herald.co.zw\/\" target=\"_blank\" rel=\"noopener noreferrer\">The Herald<\/a><br \/>\n<a href=\"http:\/\/www.thestandard.co.zw\/\" target=\"_blank\" rel=\"noopener noreferrer\">The Zimbabwe Standard<\/a><br \/>\n<a href=\"http:\/\/www.financialgazette.co.zw\/?stid=1489\" target=\"_blank\" rel=\"noopener noreferrer\">The Financial Gazette<\/a><br \/>\n<a href=\"http:\/\/www.thezimbabwean.co\/\" target=\"_blank\" rel=\"noopener noreferrer\">The Zimbabwean<\/a><br \/>\n<a href=\"https:\/\/thenewshawks.com\/\">The Newshawks<\/a><br \/>\n<a href=\"https:\/\/www.zimbabwesituation.com\/\">Zimbabwe Situation<\/a><\/p>\n<p><a href=\"http:\/\/AllAfrica.com\" target=\"_blank\" rel=\"noopener noreferrer\">AllAfrica.com<\/a> ist eine Webseite, die t\u00e4glich eine umfangreiche \u00dcbersicht \u00fcber Presseartikel und Nachrichten, die den ganzen afrikanischen Kontinent betreffen, ver\u00f6ffentlicht. Sie kann unter verschiedenen Gesichtspunkten durchsucht werden. Artikel, die Zimbabwe betreffen, finden Sie <a href=\"http:\/\/allafrica.com\/zimbabwe\/\" target=\"_blank\" rel=\"noopener noreferrer\">hier.<\/a><\/p>\n<p>The <a href=\"https:\/\/bigsr.africa\/about-the-big-saturday-read\/\" target=\"_blank\" rel=\"noopener noreferrer\">Big Saturday Read<\/a> ist ein Blog von Alex T. Magaisa zu Fragen von Recht und Politik in Zimbabwe.<br \/>\n<a href=\"https:\/\/zimbabweland.wordpress.com\/\" target=\"_blank\" rel=\"noopener noreferrer\">zimbabweland<\/a> ist ein Blog von Ian Scoones zu Landwirtschaft und l\u00e4ndlicher Entwicklung in Zimbabwe.<\/p>\n<p>Unsere Zusammenstellung von aktuellen Nachrichten, Berichten und Analysen zu Zimbabwe finden Sie unter <a href=\"http:\/\/new.zimbabwe-netzwerk.de\/aktuelles\/aktuelles-aus-zimbabwe\/\" target=\"_blank\" rel=\"noopener noreferrer\">Aktuelles<\/a>.<\/p>\n<p><strong>Simbabwische Parteien<\/strong><\/p>\n<p><a href=\"http:\/\/www.zanupf.org.zw\/\" target=\"_blank\" rel=\"noopener noreferrer\">Zimbabwe African National Union Patriotic Front (ZANU\/PF)<\/a><\/p>\n<p><a href=\"http:\/\/www.mdc.co.zw\/\" target=\"_blank\" rel=\"noopener noreferrer\">Movement for Democratic Change (MDC\/T)<\/a><\/p>\n<hr>\n<h6>Nichtregierungsorganisationen und andere nicht-staatliche Institutionen<\/h6>\n<p><strong>Zimbabwe Congress of Trade Unions<\/strong><br \/>\nDie Facebook-Seite des Simbabwischen Gewerkschaftsbundes ZCTU finden Sie <a href=\"https:\/\/www.facebook.com\/LEDRIZ-789649701049934\/timeline\/\" target=\"_blank\" rel=\"noopener noreferrer\">hier.<\/a><br \/>\n<a href=\"http:\/\/www.ledriz.co.zw\/\" target=\"_blank\" rel=\"noopener noreferrer\">LEDRIZ (Labour and Economic Development Research Institute of Zimbabwe) <\/a>ist der Think Tank des simbabwischen Gewerkschaftsbundes.<\/p>\n<p><strong>Kubatana<\/strong><br \/>\n<a href=\"http:\/\/www.kubatana.net\" target=\"_blank\" rel=\"noopener noreferrer\">Kubatana<\/a> verbreitet Informationen zu B\u00fcrger- und Menschenrechten in Simbabwe.<\/p>\n<p><strong>Zimbabwe Human Rights NGO Forum<\/strong><br \/>\nDas <a href=\"http:\/\/www.hrforumzim.org\/\" target=\"_blank\" rel=\"noopener noreferrer\">Zimbabwe Human Rights NGO Forum <\/a>ist ein Zusammenschluss von 21 Menschen\u00adrechts-NGOs in Simbabwe.<\/p>\n<p><strong>Crisis in Zimbabwe Coalition<\/strong><br \/>\n<a href=\"https:\/\/www.facebook.com\/Crisis-in-Zimbabwe-Coalition-142285398361\/\" target=\"_blank\" rel=\"noopener noreferrer\">Crisis in Zimbabwe Coalition<\/a> ist ein Zusammenschluss vieler simbabwischer zivilgesellschaftlicher Organisationen, der in Reaktion auf die lang anhaltende und umfassende simbabwische Krise entstanden ist.<\/p>\n<p><strong>Solidarity Peace Trust<\/strong><br \/>\n<a href=\"http:\/\/solidaritypeacetrust.org\/\" target=\"_blank\" rel=\"noopener noreferrer\">Der Solidarity Peace Trust<\/a> ist eine in S\u00fcdafrika registrierte NGO, die f\u00fcr Menschenrechte, Frieden und gesellschaftliche Gerechtigkeit und Gleichheit in Simbabwe arbeitet.<\/p>\n<p><strong>Zimbabwe Women\u2019s Resource Center &amp; Network<\/strong><br \/>\nDas <a href=\"http:\/\/www.zwrcn.org.zw\/\" target=\"_blank\" rel=\"noopener noreferrer\">Zimbabwe Women\u2019s Resource Center &amp; Network (ZWRCN) <\/a>ist eine simbabwische NGO, die f\u00fcr soziale und \u00f6konomische Gerechtigkeit f\u00fcr Frauen in Simbabwe und dar\u00fcber hinaus arbeitet.<\/p>\n<p><strong>Zimbabwe Women\u2019s Bureau<\/strong><br \/>\nDas <a href=\"https:\/\/www.facebook.com\/ZimbabweWomensBureau\/\" target=\"_blank\" rel=\"noopener noreferrer\">Zimbabwe Women\u2019s Bureau <\/a>ist eine gemeinn\u00fctzige Organisation, die f\u00fcr die Verbesserung der sozio-\u00f6konomischen Lage armer Communities durch Empowerment von Frauen arbeitet.<\/p>\n<p><strong>ZUBO<\/strong><br \/>\nDer <a href=\"http:\/\/www.zubo.org\/\" target=\"_blank\" rel=\"noopener noreferrer\">ZUBO Trust<\/a> ist eine Organisation, die im Zambesi Valley f\u00fcr das Self-Empowerment von Frauen arbeitet. Ein Projekt von ZUBO ist das <a href=\"http:\/\/new.zimbabwe-netzwerk.de\/unsere-aktivitaeten\/unterstuetzte-projekte-2-zubo\/\" target=\"_blank\" rel=\"noopener noreferrer\">Jatropha-Seifenprojekt<\/a>.<\/p>\n<p><strong>Batanai \u2013 BHASO<\/strong><br \/>\n<a href=\"http:\/\/www.bhaso.org\/\" target=\"_blank\" rel=\"noopener noreferrer\">Batanai in Rujeko T\/ship Masvingo <\/a>war die erste HIV&amp;AIDS Support Group in Zimbabwe und gab den Ansto\u00df zur Gr\u00fcndung der Batanai HIV&amp;AIDS Service Organisation (BHASO) auf der Ebene der Masvingo Province und zum Zimbabwe National Network of People living with HIV&amp;AIDS <a href=\"https:\/\/www.facebook.com\/znnpinfo\/\" target=\"_blank\" rel=\"noopener noreferrer\">(ZNNP+) <\/a>auf der Ebene des ganzen Landes.<\/p>\n<p><strong>MISA Zimbabwe<\/strong><br \/>\n<a href=\"http:\/\/zimbabwe.misa.org\/\" target=\"_blank\" rel=\"noopener noreferrer\">MISA Zimbabwe<\/a> setzt sich f\u00fcr Medienfreiheit, Redefreiheit und freien Zugang zu Informationen ein.<\/p>\n<p><strong>Zimbabwe Laywers for Human Rights<\/strong><br \/>\nDie <a href=\"http:\/\/www.zlhr.org.zw\" target=\"_blank\" rel=\"noopener noreferrer\">Zimbabwe Lawyers for Human Rights (ZLHR)<\/a> arbeiten f\u00fcr die Verteidigung und St\u00e4rkung der Menschenrechte und der Herrschaft des Rechts auf allen Ebenen der simbabwischen Gesellschaft und in der Region.<\/p>\n<hr>\n<h6>Weitere Informationsquellen<\/h6>\n<p><strong>Southern African Development Community<\/strong><br \/>\n<a href=\"http:\/\/www.sadc.int\/\" target=\"_blank\" rel=\"noopener noreferrer\">Die Southern African Development Community (SADC)<\/a>, die \u201eEntwicklungsgemeinschaft (der Staaten) des S\u00fcdlichen Afrika\u201c, ist eine Organisation zur St\u00e4rkung der der regionalen Integration und Entwicklung im S\u00fcdlichen Afrika.<\/p>\n<p><strong>International Crisis Group<\/strong><br \/>\nDie <a href=\"https:\/\/www.crisisgroup.org\/\" target=\"_blank\" rel=\"noopener noreferrer\">International Crisis Group <\/a>erstellt Analysen und ist als Politikberaterin t\u00e4tig zu internationalen Krisen- und Konfliktbereichen. Analysen und Nachrichten zu Simbabwe sind <a href=\"https:\/\/www.crisisgroup.org\/africa\/southern-africa\/zimbabwe\" target=\"_blank\" rel=\"noopener noreferrer\">hier<\/a> zu finden.<\/p>\n<p><strong>IRIN<\/strong><br \/>\n<a href=\"http:\/\/www.irinnews.org\/\" target=\"_blank\" rel=\"noopener noreferrer\">IRIN<\/a> ist ein unabh\u00e4ngiges Informationsnetzwerk, das aus einer Einrichtung der UN-Organisation OCHA hervorgegangen ist. IRIN-Nachrichten zu Simbabwe finden Sie <a href=\"http:\/\/www.irinnews.org\/afrique\/afrique-australe\/zimbabwe\" target=\"_blank\" rel=\"noopener noreferrer\">hier<\/a>.<\/p>\n<p><strong>reliefweb<\/strong><br \/>\n<a href=\"http:\/\/www.irinnews.org\/\" target=\"_blank\" rel=\"noopener noreferrer\">reliefweb<\/a> ist der umfassende Nachrichtendienst der UN-Organisation OCHA (Office for the Coordination of Humanitarian Affairs) zu globalen Krisen, Katastrophen und generell zu humanit\u00e4ren Angelegenheiten. Nachrichten von reliefweb mit Bezug zu Simbabwe finden Sie <a href=\"https:\/\/reliefweb.int\/country\/zwe\" target=\"_blank\" rel=\"noopener noreferrer\">hier<\/a>.<\/p>\n<p><strong>Literatur -Nachrichten<\/strong><br \/>\nBei <a href=\"http:\/\/www.litprom.de\/\" target=\"_blank\" rel=\"noopener noreferrer\">Litprom &#8211; Literaturen der Welt<\/a> finden Sie Informationen \u00fcber Autor*innen und B\u00fccher aus Afrika, Asien, Lateinamerika, der Karibik und der Arabischen Welt.<\/p>\n","protected":false},"excerpt":{"rendered":"<p>Zimbabwe Netzwerk auf Facebook Die im weiteren aufgelisteten Verweise f\u00fchren auf Dokumente, die nicht von uns betreut werden. Weitere Gruppierungen, die sich mit dem s\u00fcdlichen Afrika besch\u00e4ftigen. Weltfriedensdienst: Nothilfe Simbabwe Koordinierungskreis Mosambik Unsere Schwesterorganisation, die sich mit Mosambik besch\u00e4ftigt. Koordination<\/p>\n","protected":false},"author":7,"featured_media":0,"parent":0,"menu_order":8,"comment_status":"closed","ping_status":"closed","template":"","meta":{"footnotes":""},"class_list":["post-22","page","type-page","status-publish","hentry"],"_links":{"self":[{"href":"https:\/\/www.zimbabwe-netzwerk.de\/home\/wp-json\/wp\/v2\/pages\/22","targetHints":{"allow":["GET"]}}],"collection":[{"href":"https:\/\/www.zimbabwe-netzwerk.de\/home\/wp-json\/wp\/v2\/pages"}],"about":[{"href":"https:\/\/www.zimbabwe-netzwerk.de\/home\/wp-json\/wp\/v2\/types\/page"}],"author":[{"embeddable":true,"href":"https:\/\/www.zimbabwe-netzwerk.de\/home\/wp-json\/wp\/v2\/users\/7"}],"replies":[{"embeddable":true,"href":"https:\/\/www.zimbabwe-netzwerk.de\/home\/wp-json\/wp\/v2\/comments?post=22"}],"version-history":[{"count":79,"href":"https:\/\/www.zimbabwe-netzwerk.de\/home\/wp-json\/wp\/v2\/pages\/22\/revisions"}],"predecessor-version":[{"id":2003,"href":"https:\/\/www.zimbabwe-netzwerk.de\/home\/wp-json\/wp\/v2\/pages\/22\/revisions\/2003"}],"wp:attachment":[{"href":"https:\/\/www.zimbabwe-netzwerk.de\/home\/wp-json\/wp\/v2\/media?parent=22"}],"curies":[{"name":"wp","href":"https:\/\/api.w.org\/{rel}","templated":true}]}}