{"id":24,"date":"2016-01-01T18:59:35","date_gmt":"2016-01-01T17:59:35","guid":{"rendered":"http:\/\/neu.zimbabwe-netzwerk.de\/?page_id=24"},"modified":"2020-05-03T21:14:05","modified_gmt":"2020-05-03T19:14:05","slug":"impressum","status":"publish","type":"page","link":"https:\/\/www.zimbabwe-netzwerk.de\/home\/impressum\/","title":{"rendered":"Kontakt und Impressum"},"content":{"rendered":"<p><strong>Zimbabwe Netzwerk e.V.<\/strong><\/p>\n<div class=\"wp-block-greentreelabs-post-snippets-block\">c\/o N\u00fcrnberger Initiative f\u00fcr Afrika (NIfA)<br \/>\nK\u00f6nigstr. 64<br \/>\n90402 N\u00fcrnberg<\/p>\n<\/div>\n<div class=\"wp-block-greentreelabs-post-snippets-block\"><p>Tel.: 0(049) 911 2346-310 (fest erreichbar: dienstags und donnerstags 14-17 Uhr)<br \/>\r\nE-mail: <a href=\"mailto:zimbabwenetzwerk@posteo.de\" target=\"_blank\" rel=\"noopener noreferrer\">zimbabwenetzwerk@posteo.de<\/a><\/p><\/div>\n<div class=\"wp-block-greentreelabs-post-snippets-block\"><div><strong>Bankverbindung:<\/strong><br \/>\nZimbabwe Netzwerk e.V., GLS-Bank<br \/>\n\nIBAN: DE34 4306 0967 1010 5658 00<br \/>\nBIC: GENODEM1GLS<\/div><\/div>\n<p><strong>Vertretungsberechtigter Vorstand:<\/strong><br \/>\nFlorence Samkange-Zeeb, Irit Holzheimer, Henrike Berger<br \/>\nEingetragen beim Amtsgericht Bielefeld unter VR 2135.<\/p>\n<p>Das <strong>Zimbabwe Netzwerk<\/strong> ist ein gemeinn\u00fctziger Verein. Er erh\u00e4lt z.T. projektbezogene Zusch\u00fcsse von Brot f\u00fcr die Welt, Stiftung Umverteilen, Katholischer Fonds sowie Stiftung Umwelt und Entwicklung Nordrhein-Westfalen u.a.<br \/>\nSpen\u00adden sind von der Steuer absetzbar.<\/p>\n<p>Haftungshinweis: Trotz sorgf\u00e4ltiger inhaltlicher Kontrolle \u00fcbernehmen wir keine Haftung f\u00fcr die Inhalte externer Links. F\u00fcr den Inhalt der verlinkten Seiten sind ausschlie\u00dflich deren Betreiber verantwortlich.<\/p>\n","protected":false},"excerpt":{"rendered":"<p>Zimbabwe Netzwerk e.V. Vertretungsberechtigter Vorstand: Florence Samkange-Zeeb, Irit Holzheimer, Henrike Berger Eingetragen beim Amtsgericht Bielefeld unter VR 2135. Das Zimbabwe Netzwerk ist ein gemeinn\u00fctziger Verein. Er erh\u00e4lt z.T. projektbezogene Zusch\u00fcsse von Brot f\u00fcr die Welt, Stiftung Umverteilen, Katholischer Fonds sowie<\/p>\n","protected":false},"author":1,"featured_media":0,"parent":0,"menu_order":8,"comment_status":"closed","ping_status":"closed","template":"","meta":{"footnotes":""},"class_list":["post-24","page","type-page","status-publish","hentry"],"_links":{"self":[{"href":"https:\/\/www.zimbabwe-netzwerk.de\/home\/wp-json\/wp\/v2\/pages\/24","targetHints":{"allow":["GET"]}}],"collection":[{"href":"https:\/\/www.zimbabwe-netzwerk.de\/home\/wp-json\/wp\/v2\/pages"}],"about":[{"href":"https:\/\/www.zimbabwe-netzwerk.de\/home\/wp-json\/wp\/v2\/types\/page"}],"author":[{"embeddable":true,"href":"https:\/\/www.zimbabwe-netzwerk.de\/home\/wp-json\/wp\/v2\/users\/1"}],"replies":[{"embeddable":true,"href":"https:\/\/www.zimbabwe-netzwerk.de\/home\/wp-json\/wp\/v2\/comments?post=24"}],"version-history":[{"count":43,"href":"https:\/\/www.zimbabwe-netzwerk.de\/home\/wp-json\/wp\/v2\/pages\/24\/revisions"}],"predecessor-version":[{"id":1691,"href":"https:\/\/www.zimbabwe-netzwerk.de\/home\/wp-json\/wp\/v2\/pages\/24\/revisions\/1691"}],"wp:attachment":[{"href":"https:\/\/www.zimbabwe-netzwerk.de\/home\/wp-json\/wp\/v2\/media?parent=24"}],"curies":[{"name":"wp","href":"https:\/\/api.w.org\/{rel}","templated":true}]}}