{"id":243,"date":"2017-07-01T17:02:04","date_gmt":"2017-07-01T15:02:04","guid":{"rendered":"http:\/\/neu.zimbabwe-netzwerk.de\/?page_id=243"},"modified":"2022-05-16T14:47:44","modified_gmt":"2022-05-16T12:47:44","slug":"publikationen","status":"publish","type":"page","link":"https:\/\/www.zimbabwe-netzwerk.de\/home\/publikationen\/","title":{"rendered":"Publikationen"},"content":{"rendered":"<p>Zweimal im Jahr erscheint unsere Zeitschrift <a href=\"\/home\/category\/publikationen\/zimbabwe-im-fokus\/\">Zimbabwe im Fokus (ZiF)<\/a> mit einem ausgew\u00e4hlten Schwerpunktthema. Wir berichten darin \u00fcber die Situation in Zimbabwe, liefern Analysen und Einsch\u00e4tzungen, Hintergrund\u00adinformationen, Interviews und Erfahrungsberichte aus Projekten sowie Neuigkeiten aus Literatur und Kultur Zimbabwes. <a href=\"\/wp-content\/uploads\/2020\/04\/ZIF-Abonnement.pdf\">Hier k\u00f6nnen Sie Zimbabwe im Fokus abonnieren<\/a>.<\/p>\n<p>Im Wechsel mit der Print-Publikation erscheint der elektronische Newsletter <a href=\"\/home\/category\/publikationen\/newsletter\">Zimbabwe Aktuell<\/a> mit aktuellen Nachrichten, Artikeln und Kommentaren.<\/p>\n<p>Aktuelle Informationen und Artikel aus der internationalen Presse zu Zimbabwe sind in der Rubrik &#8222;Aktuelles zu Zimbabwe&#8220; zu finden. <a href=\"\/aktuelles\/aktuelles-aus-zimbabwe\/\" target=\"_blank\" rel=\"noopener noreferrer\">Mehr lesen<\/a><\/p>\n","protected":false},"excerpt":{"rendered":"<p>Zweimal im Jahr erscheint unsere Zeitschrift Zimbabwe im Fokus (ZiF) mit einem ausgew\u00e4hlten Schwerpunktthema. Wir berichten darin \u00fcber die Situation in Zimbabwe, liefern Analysen und Einsch\u00e4tzungen, Hintergrund\u00adinformationen, Interviews und Erfahrungsberichte aus Projekten sowie Neuigkeiten aus Literatur und Kultur Zimbabwes. Hier<\/p>\n","protected":false},"author":1,"featured_media":0,"parent":0,"menu_order":5,"comment_status":"closed","ping_status":"closed","template":"","meta":{"footnotes":""},"class_list":["post-243","page","type-page","status-publish","hentry"],"_links":{"self":[{"href":"https:\/\/www.zimbabwe-netzwerk.de\/home\/wp-json\/wp\/v2\/pages\/243","targetHints":{"allow":["GET"]}}],"collection":[{"href":"https:\/\/www.zimbabwe-netzwerk.de\/home\/wp-json\/wp\/v2\/pages"}],"about":[{"href":"https:\/\/www.zimbabwe-netzwerk.de\/home\/wp-json\/wp\/v2\/types\/page"}],"author":[{"embeddable":true,"href":"https:\/\/www.zimbabwe-netzwerk.de\/home\/wp-json\/wp\/v2\/users\/1"}],"replies":[{"embeddable":true,"href":"https:\/\/www.zimbabwe-netzwerk.de\/home\/wp-json\/wp\/v2\/comments?post=243"}],"version-history":[{"count":28,"href":"https:\/\/www.zimbabwe-netzwerk.de\/home\/wp-json\/wp\/v2\/pages\/243\/revisions"}],"predecessor-version":[{"id":1881,"href":"https:\/\/www.zimbabwe-netzwerk.de\/home\/wp-json\/wp\/v2\/pages\/243\/revisions\/1881"}],"wp:attachment":[{"href":"https:\/\/www.zimbabwe-netzwerk.de\/home\/wp-json\/wp\/v2\/media?parent=243"}],"curies":[{"name":"wp","href":"https:\/\/api.w.org\/{rel}","templated":true}]}}