{"id":282,"date":"2017-08-31T23:30:32","date_gmt":"2017-08-31T21:30:32","guid":{"rendered":"http:\/\/neu.zimbabwe-netzwerk.de\/?page_id=282"},"modified":"2020-11-05T18:45:17","modified_gmt":"2020-11-05T17:45:17","slug":"seminare","status":"publish","type":"page","link":"https:\/\/www.zimbabwe-netzwerk.de\/home\/unsere-aktivitaeten\/seminare\/","title":{"rendered":"Seminare"},"content":{"rendered":"<p>Das <strong>Zimbabwe Netzwerk<\/strong> veranstaltet Seminare zu Themen\u00adberei\u00adchen wie Politik, \u00d6konomie, Menschenrechte, Land, \u00d6ko\u00adlogie und Migration. Es bietet dort fundierte und aktuelle Analysen, meist von zimbab\u00adwischen ReferentInnen. Auf dieser Grund\u00adlage und unter aktiver Teilnahme auch von in Deutsch\u00adland lebenden Zimbab\u00adwerIn\u00adnen findet ein leben\u00addiger Nord-S\u00fcd- und S\u00fcd-S\u00fcd-Austausch statt. Dabei werden auch Wege gesucht, die zimbab\u00adwische Bev\u00f6lkerung praktisch zu unterst\u00fctzen.<\/p>\n<p>&nbsp;<\/p>\n<p><a href=\"\/wp-content\/uploads\/2017\/08\/Oekologie-seminar-2016.jpg\" rel=\"attachment wp-att-304\"><img loading=\"lazy\" decoding=\"async\" class=\"alignnone wp-image-304\" src=\"\/wp-content\/uploads\/2017\/08\/Oekologie-seminar-2016-1024x768.jpg\" alt=\"\" width=\"785\" height=\"588\" srcset=\"https:\/\/www.zimbabwe-netzwerk.de\/wp-content\/uploads\/2017\/08\/Oekologie-seminar-2016-1024x768.jpg 1024w, https:\/\/www.zimbabwe-netzwerk.de\/wp-content\/uploads\/2017\/08\/Oekologie-seminar-2016-300x225.jpg 300w, https:\/\/www.zimbabwe-netzwerk.de\/wp-content\/uploads\/2017\/08\/Oekologie-seminar-2016-768x576.jpg 768w, https:\/\/www.zimbabwe-netzwerk.de\/wp-content\/uploads\/2017\/08\/Oekologie-seminar-2016.jpg 1459w\" sizes=\"auto, (max-width: 785px) 100vw, 785px\" \/><\/a><\/p>\n<p><em>Seminar des ZN im Juni 2016: Kleinb\u00e4uerliche Lebensperspektiven angesichts von Ern\u00e4hrungsunsicherheit, Umweltzerst\u00f6rung und Klimawandel<br \/>\n<\/em><\/p>\n<p>&nbsp;<\/p>\n<style type=\"text\/css\">\n\t<!-- @page { margin: 2cm } P { margin-bottom: 0.21cm; direction: ltr; color: #000000; widows: 2; orphans: 2 } P.western { font-family: \"Times New Roman\", serif; font-size: 12pt; so-language: en-US } P.cjk { font-family: \"Calibri\", sans-serif; font-size: 12pt } P.ctl { font-family: \"Times New Roman\", serif; font-size: 12pt; so-language: ar-SA } A:link { color: #0000ff } --><br \/>\t<\/style>\n<p>&nbsp;<\/p>\n","protected":false},"excerpt":{"rendered":"<p>Das Zimbabwe Netzwerk veranstaltet Seminare zu Themen\u00adberei\u00adchen wie Politik, \u00d6konomie, Menschenrechte, Land, \u00d6ko\u00adlogie und Migration. Es bietet dort fundierte und aktuelle Analysen, meist von zimbab\u00adwischen ReferentInnen. Auf dieser Grund\u00adlage und unter aktiver Teilnahme auch von in Deutsch\u00adland lebenden Zimbab\u00adwerIn\u00adnen findet<\/p>\n","protected":false},"author":1,"featured_media":0,"parent":13,"menu_order":1,"comment_status":"closed","ping_status":"closed","template":"","meta":{"footnotes":""},"class_list":["post-282","page","type-page","status-publish","hentry"],"_links":{"self":[{"href":"https:\/\/www.zimbabwe-netzwerk.de\/home\/wp-json\/wp\/v2\/pages\/282","targetHints":{"allow":["GET"]}}],"collection":[{"href":"https:\/\/www.zimbabwe-netzwerk.de\/home\/wp-json\/wp\/v2\/pages"}],"about":[{"href":"https:\/\/www.zimbabwe-netzwerk.de\/home\/wp-json\/wp\/v2\/types\/page"}],"author":[{"embeddable":true,"href":"https:\/\/www.zimbabwe-netzwerk.de\/home\/wp-json\/wp\/v2\/users\/1"}],"replies":[{"embeddable":true,"href":"https:\/\/www.zimbabwe-netzwerk.de\/home\/wp-json\/wp\/v2\/comments?post=282"}],"version-history":[{"count":19,"href":"https:\/\/www.zimbabwe-netzwerk.de\/home\/wp-json\/wp\/v2\/pages\/282\/revisions"}],"predecessor-version":[{"id":1756,"href":"https:\/\/www.zimbabwe-netzwerk.de\/home\/wp-json\/wp\/v2\/pages\/282\/revisions\/1756"}],"up":[{"embeddable":true,"href":"https:\/\/www.zimbabwe-netzwerk.de\/home\/wp-json\/wp\/v2\/pages\/13"}],"wp:attachment":[{"href":"https:\/\/www.zimbabwe-netzwerk.de\/home\/wp-json\/wp\/v2\/media?parent=282"}],"curies":[{"name":"wp","href":"https:\/\/api.w.org\/{rel}","templated":true}]}}