{"id":315,"date":"2017-08-31T23:46:18","date_gmt":"2017-08-31T21:46:18","guid":{"rendered":"http:\/\/neu.zimbabwe-netzwerk.de\/?page_id=315"},"modified":"2019-12-13T16:22:37","modified_gmt":"2019-12-13T15:22:37","slug":"zif","status":"publish","type":"page","link":"https:\/\/www.zimbabwe-netzwerk.de\/home\/zif\/","title":{"rendered":"Zimbabwe im Fokus \/ ZIF"},"content":{"rendered":"<h3>Aktuelle Ausgabe des ZIF<\/h3>\n<p><a href=\"\/wp-content\/uploads\/2019\/12\/zif69auszug.pdf\" target=\"_blank\" rel=\"noopener noreferrer\"><img loading=\"lazy\" decoding=\"async\" class=\"alignnone size-medium wp-image-1289\" src=\"\/wp-content\/uploads\/2019\/12\/zif69.jpg\" alt=\"\" width=\"219\" height=\"300\" border=\"2\"><\/a><\/p>\n<hr>\n<h3><\/h3>\n<table>\n<tbody>\n<tr class=\"n\">\n<td>Nr. 68<\/td>\n<td>Juni 2019<\/td>\n<td>&#8222;Zanukratie verstehen&#8220; <a href=\"\/wp-content\/uploads\/2019\/06\/zif68auszug.pdf\">(Auszug)<\/a><\/td>\n<\/tr>\n<tr class=\"n\">\n<td>Nr. 67<\/td>\n<td>Oktober 2018<\/td>\n<td>&#8222;Jugend&#8220; <a href=\"\/wp-content\/uploads\/2019\/01\/zif67-preview.pdf\">(Auszug)<\/a><\/td>\n<\/tr>\n<tr class=\"n\">\n<td>Nr. 66<\/td>\n<td>April 2018<\/td>\n<td>&#8222;Aufbruch nach Mugabes Abgang?&#8220; <a href=\"\/wp-content\/uploads\/2018\/05\/ZIF66prev2-1.pdf\">(Auszug)<\/a><\/td>\n<\/tr>\n<tr class=\"n\">\n<td>Nr. 65<\/td>\n<td>Oktober 2017<\/td>\n<td>&#8222;Zimbabwe vor den Wahlen&#8220; <a href=\"http:\/\/archiv.zimbabwe-netzwerk.de\/Rundbrief\/ZIF65.pdf\">(Auszug)<\/a><\/td>\n<\/tr>\n<tr class=\"n\">\n<td>Nr. 64:<\/td>\n<td>M\u00e4rz 2017<\/td>\n<td>&#8222;Migration und Diaspora: Ursachen und Folgen&#8220; <a href=\"http:\/\/archiv.zimbabwe-netzwerk.de\/Rundbrief\/ZIF64.pdf\">(Auszug)<\/a><\/td>\n<\/tr>\n<tr class=\"n\">\n<td>Nr. 63:<\/td>\n<td>Dezember 2016<\/td>\n<td>&#8222;Kleinb\u00e4uerinnen und Kleinbauern f\u00fcr Agro-\u00d6kologie&#8220; <a href=\"http:\/\/archiv.zimbabwe-netzwerk.de\/Rundbrief\/ZIF63.pdf\">(Auszug)<\/a><\/td>\n<\/tr>\n<tr class=\"n\">\n<td>Nr. 62:<\/td>\n<td>Februar 2016<\/td>\n<td>&#8222;L\u00e4ndliche Entwicklung&#8220; <a href=\"http:\/\/archiv.zimbabwe-netzwerk.de\/Rundbrief\/ZIF62.pdf\">(Auszug)<\/a><\/td>\n<\/tr>\n<tr class=\"n\">\n<td>Nr. 61:<\/td>\n<td>August 2015<\/td>\n<td>&#8222;15 Jahre Landreform in Zimbabwe &#8211; Wo stehen wir heute?&#8220; <a href=\"http:\/\/archiv.zimbabwe-netzwerk.de\/Rundbrief\/ZIF61.pdf\">(Auszug)<\/a><\/td>\n<\/tr>\n<tr class=\"n\">\n<td>Nr. 60:<\/td>\n<td>August 2014<\/td>\n<td>&#8222;Politische und \u00f6konomische Aussichten in Zimbabwe unter der ZANU\/PF-Alleinregierung&#8220; <a href=\"http:\/\/archiv.zimbabwe-netzwerk.de\/Rundbrief\/ZIF60.pdf\">(Auszug)<\/a><\/td>\n<\/tr>\n<\/tbody>\n<\/table>\n<p><a href=\"http:\/\/new.zimbabwe-netzwerk.de\/publikationen\/archiv\/archiv-zif\/\" target=\"_blank\" rel=\"noopener noreferrer\">\u00c4ltere Ausgaben<\/a><\/p>\n<p>Hefte bis 1992 kosten 1,60\u20ac, ab 1993 2,00\u20ac, ab 2005 (Heft 47) 2,60\u20ac, ab 2007 (Nr. 50) 3,50\u20ac<br \/>\njeweils plus 1,50\u20ac Versandkostenpauschale.<br \/>\nAbonnement: 5 Ausgaben 25\u20ac (Ausland 30\u20ac)<\/p>\n","protected":false},"excerpt":{"rendered":"<p>Aktuelle Ausgabe des ZIF Nr. 68 Juni 2019 &#8222;Zanukratie verstehen&#8220; (Auszug) Nr. 67 Oktober 2018 &#8222;Jugend&#8220; (Auszug) Nr. 66 April 2018 &#8222;Aufbruch nach Mugabes Abgang?&#8220; (Auszug) Nr. 65 Oktober 2017 &#8222;Zimbabwe vor den Wahlen&#8220; (Auszug) Nr. 64: M\u00e4rz 2017 &#8222;Migration<\/p>\n","protected":false},"author":1,"featured_media":0,"parent":0,"menu_order":1,"comment_status":"closed","ping_status":"closed","template":"","meta":{"footnotes":""},"class_list":["post-315","page","type-page","status-publish","hentry"],"_links":{"self":[{"href":"https:\/\/www.zimbabwe-netzwerk.de\/home\/wp-json\/wp\/v2\/pages\/315","targetHints":{"allow":["GET"]}}],"collection":[{"href":"https:\/\/www.zimbabwe-netzwerk.de\/home\/wp-json\/wp\/v2\/pages"}],"about":[{"href":"https:\/\/www.zimbabwe-netzwerk.de\/home\/wp-json\/wp\/v2\/types\/page"}],"author":[{"embeddable":true,"href":"https:\/\/www.zimbabwe-netzwerk.de\/home\/wp-json\/wp\/v2\/users\/1"}],"replies":[{"embeddable":true,"href":"https:\/\/www.zimbabwe-netzwerk.de\/home\/wp-json\/wp\/v2\/comments?post=315"}],"version-history":[{"count":22,"href":"https:\/\/www.zimbabwe-netzwerk.de\/home\/wp-json\/wp\/v2\/pages\/315\/revisions"}],"predecessor-version":[{"id":1537,"href":"https:\/\/www.zimbabwe-netzwerk.de\/home\/wp-json\/wp\/v2\/pages\/315\/revisions\/1537"}],"wp:attachment":[{"href":"https:\/\/www.zimbabwe-netzwerk.de\/home\/wp-json\/wp\/v2\/media?parent=315"}],"curies":[{"name":"wp","href":"https:\/\/api.w.org\/{rel}","templated":true}]}}