{"id":322,"date":"2017-08-31T23:49:39","date_gmt":"2017-08-31T21:49:39","guid":{"rendered":"http:\/\/neu.zimbabwe-netzwerk.de\/?page_id=322"},"modified":"2020-11-05T18:47:50","modified_gmt":"2020-11-05T17:47:50","slug":"unterstuetzte-projekte-1-schulpartnerschaften","status":"publish","type":"page","link":"https:\/\/www.zimbabwe-netzwerk.de\/home\/unsere-aktivitaeten\/unterstuetzte-projekte-1-schulpartnerschaften\/","title":{"rendered":"Unterst\u00fctzung von Schulpartnerschaften"},"content":{"rendered":"<p>&nbsp;<\/p>\n<h6>Das Zimbabwe Netzwerk unterst\u00fctzt derzeit aktiv die Schulpartnerschaft Martin-Niem\u00f6ller-Gesamtschule Bielefeld und<br \/>\nNkululeko High School&nbsp; und Ascot High School Zimbabwe<\/h6>\n<p>&nbsp;<\/p>\n<p><img loading=\"lazy\" decoding=\"async\" class=\"alignleft\" src=\"\/wp-content\/uploads\/2017\/09\/logo_schulpartnerschaft.jpg\" alt=\"\" width=\"182\" height=\"182\">Seit Beginn 1982 unterst\u00fctzt das Zimbabwe Netzwerk diese Schulpartnerschaft. Es stellt Referenten und Bildungsmaterial, ber\u00e4t in der Vorbereitung von Begegnungen, unterst\u00fctzt Kampagnen f\u00fcr Sponsorenprojekte und bietet den Zimbabwe im Fokus der Schule f\u00fcr Ver\u00f6ffentlichungen an.<\/p>\n<p>&nbsp;<\/p>\n<p>&nbsp;<\/p>\n<p>&nbsp;<\/p>\n<p><img loading=\"lazy\" decoding=\"async\" class=\"alignleft\" src=\"\/wp-content\/uploads\/2017\/09\/1984_postkartenaktion_luis_v_haebler.gif\" alt=\"\" width=\"182\" height=\"137\"><\/p>\n<p>Seit 1982 pflegen die Martin-Niem\u00f6ller-Gesamtschule und die Nkululeko High School partnerschaftliche Beziehungen. In den 35 Jahren hat es viele Aktionen, Begegnungen und gemeinsame Projekte gegeben. So wurde diese Postkarte im Kunstunterricht entwickelt und breit verkauft, um eine S\u00e4maschine f\u00fcr die zur Schule geh\u00f6rende Farm kaufen zu k\u00f6nnen.<\/p>\n<p>&nbsp;<\/p>\n<p>Mehr lesen:<\/p>\n<ul>\n<li><a href=\"http:\/\/www.mnge.de\/img\/img_nkululeko\/index.html\" target=\"_blank\" rel=\"noopener noreferrer\">Chronik der Schulpartnerschaft<\/a><\/li>\n<li><a href=\"http:\/\/www.mnge.de\/index.php?m=3056&amp;c=385\" target=\"_blank\" rel=\"noopener noreferrer\">Hintergrund<\/a><\/li>\n<\/ul>\n<p>Auch gab es immer wieder Besuche von Jugendlichen in Nkululeko oder auch an der Martin-Niem\u00f6ller-Gesamtschule.<\/p>\n<p>&nbsp;<\/p>\n<p><img loading=\"lazy\" decoding=\"async\" class=\"alignnone\" src=\"\/wp-content\/uploads\/2016\/01\/Nordsee-Wattwanderung_2017.jpg\" alt=\"\" width=\"825\" height=\"352\"><br \/>\n<em>2017 Mit Nkululeko-Sch\u00fclerInnen und -Lehrkr\u00e4ften an der Nordsee<\/em><\/p>\n<p>&nbsp;<\/p>\n<p>Im Mai 2017 besuchten zehn Nkululeko-Sch\u00fclerInnen und ihre Lehrkr\u00e4fte die Martin-Niem\u00f6ller-Gesamtschule. Mit 16 Sch\u00fclerInnen des 8. Jahrgangs erarbeiten sie ein St\u00fcck zum Thema ihres Austausches: &#8222;Parallele Welten: Smartphones und soziale Netzwerke&#8220;.<em>&nbsp;<\/em><\/p>\n<p><img loading=\"lazy\" decoding=\"async\" class=\"alignnone\" src=\"\/wp-content\/uploads\/2017\/08\/2016-Theaterprojekt.jpg\" alt=\"\" width=\"825\" height=\"510\"><br \/>\n<em>2017 <\/em><em>Gemeinsames Theaterprojekt:&nbsp; Parallele Welten: Smartphones und soziale Netzwerke<\/em><\/p>\n<p>Mehr lesen:<br \/>\n<a href=\"http:\/\/www.youngagement-zimbabwe.de\" target=\"_blank\" rel=\"noopener noreferrer\">www.youngagement-zimbabwe.de<\/a><\/p>\n<p>&nbsp;<\/p>\n","protected":false},"excerpt":{"rendered":"<p>&nbsp; Das Zimbabwe Netzwerk unterst\u00fctzt derzeit aktiv die Schulpartnerschaft Martin-Niem\u00f6ller-Gesamtschule Bielefeld und Nkululeko High School&nbsp; und Ascot High School Zimbabwe &nbsp; Seit Beginn 1982 unterst\u00fctzt das Zimbabwe Netzwerk diese Schulpartnerschaft. Es stellt Referenten und Bildungsmaterial, ber\u00e4t in der Vorbereitung von<\/p>\n","protected":false},"author":1,"featured_media":0,"parent":13,"menu_order":3,"comment_status":"closed","ping_status":"closed","template":"","meta":{"footnotes":""},"class_list":["post-322","page","type-page","status-publish","hentry"],"_links":{"self":[{"href":"https:\/\/www.zimbabwe-netzwerk.de\/home\/wp-json\/wp\/v2\/pages\/322","targetHints":{"allow":["GET"]}}],"collection":[{"href":"https:\/\/www.zimbabwe-netzwerk.de\/home\/wp-json\/wp\/v2\/pages"}],"about":[{"href":"https:\/\/www.zimbabwe-netzwerk.de\/home\/wp-json\/wp\/v2\/types\/page"}],"author":[{"embeddable":true,"href":"https:\/\/www.zimbabwe-netzwerk.de\/home\/wp-json\/wp\/v2\/users\/1"}],"replies":[{"embeddable":true,"href":"https:\/\/www.zimbabwe-netzwerk.de\/home\/wp-json\/wp\/v2\/comments?post=322"}],"version-history":[{"count":73,"href":"https:\/\/www.zimbabwe-netzwerk.de\/home\/wp-json\/wp\/v2\/pages\/322\/revisions"}],"predecessor-version":[{"id":1757,"href":"https:\/\/www.zimbabwe-netzwerk.de\/home\/wp-json\/wp\/v2\/pages\/322\/revisions\/1757"}],"up":[{"embeddable":true,"href":"https:\/\/www.zimbabwe-netzwerk.de\/home\/wp-json\/wp\/v2\/pages\/13"}],"wp:attachment":[{"href":"https:\/\/www.zimbabwe-netzwerk.de\/home\/wp-json\/wp\/v2\/media?parent=322"}],"curies":[{"name":"wp","href":"https:\/\/api.w.org\/{rel}","templated":true}]}}