{"id":324,"date":"2017-08-31T23:50:10","date_gmt":"2017-08-31T21:50:10","guid":{"rendered":"http:\/\/neu.zimbabwe-netzwerk.de\/?page_id=324"},"modified":"2018-02-20T15:35:35","modified_gmt":"2018-02-20T14:35:35","slug":"unterstuetzte-projekte-2-zubo","status":"publish","type":"page","link":"https:\/\/www.zimbabwe-netzwerk.de\/home\/unsere-aktivitaeten\/unterstuetzte-projekte-2-zubo\/","title":{"rendered":"Projekt: ZUBO"},"content":{"rendered":"<p><a href=\"http:\/\/new.zimbabwe-netzwerk.de\/logo_zubo_rgb\/\"><img loading=\"lazy\" decoding=\"async\" class=\"alignnone wp-image-337\" src=\"http:\/\/new.zimbabwe-netzwerk.de\/wp-content\/uploads\/2017\/09\/Logo_Zubo_RGB-1024x724.jpg\" alt=\"\" width=\"177\" height=\"125\" srcset=\"https:\/\/www.zimbabwe-netzwerk.de\/wp-content\/uploads\/2017\/09\/Logo_Zubo_RGB-1024x724.jpg 1024w, https:\/\/www.zimbabwe-netzwerk.de\/wp-content\/uploads\/2017\/09\/Logo_Zubo_RGB-300x212.jpg 300w, https:\/\/www.zimbabwe-netzwerk.de\/wp-content\/uploads\/2017\/09\/Logo_Zubo_RGB-768x543.jpg 768w, https:\/\/www.zimbabwe-netzwerk.de\/wp-content\/uploads\/2017\/09\/Logo_Zubo_RGB.jpg 1123w\" sizes=\"auto, (max-width: 177px) 100vw, 177px\" \/><\/a><\/p>\n<h5>Frauenorganisation ZUBO in Binga\/Zimbabwe<\/h5>\n<p>Die Frauenorganisation ZUBO wirkt im abgelegenen und unfrucht\u00adbaren Distrikt Binga, am Lake Kariba. Hier leben die Tonga, eine seit langem benachteiligte Minderheit in Zimbabwe. Zubo hei\u00dft auf Tonga der traditionelle Fisch\u00adfangkorb, mit dem die Frauen fr\u00fcher, bis zum Bau des Kariba-Stausees, gemeinschaft\u00adlich im flachen, flie\u00ad\u00dfen\u00adden Wasser des Zambezi fischten.<\/p>\n<p>&nbsp;<\/p>\n<p><img loading=\"lazy\" decoding=\"async\" class=\"alignnone wp-image-334 size-full\" src=\"http:\/\/new.zimbabwe-netzwerk.de\/wp-content\/uploads\/2017\/09\/Fortbildung-Seifenherstellung-ZUBO.jpg\" alt=\"\" width=\"768\" height=\"576\" srcset=\"https:\/\/www.zimbabwe-netzwerk.de\/wp-content\/uploads\/2017\/09\/Fortbildung-Seifenherstellung-ZUBO.jpg 768w, https:\/\/www.zimbabwe-netzwerk.de\/wp-content\/uploads\/2017\/09\/Fortbildung-Seifenherstellung-ZUBO-300x225.jpg 300w\" sizes=\"auto, (max-width: 768px) 100vw, 768px\" \/><br \/>\n<em>Fortbildung f\u00fcr Seifenherstellung, ZUBO 2016<\/em><\/p>\n<p>&nbsp;<\/p>\n<p>Die Frauenorganisation ZUBO ist vor Ort sehr gut verankert und organi\u00adsiert die Frauen der Region basis\u00addemo\u00adkra\u00adtisch in mehr als 20 D\u00f6rfern. Ihr Name ist Programm: die Organisation bietet den Frauen Aus\u00adtausch und Beratung, unter\u00adst\u00fctzt sie beim Kampf um ihre Rechte als Frauen und als Tonga und begleitet verschiedene Projekte, die Verdienst\u00adm\u00f6g\u00adlich\u00adkeiten er\u00f6ffnen, z.B. eine Kapenta-Fischerei\u00adkoopera\u00adtive, die Herstellung von Flechtarbeiten und Baobabsaft. Ein neues, von ZUBO initiiertes Projekt, das die nat\u00fcrlichen Ressourcen der Region nutzt, ist die Produktion von Seife aus Jatropha-\u00d6l.\u00a0 Durch kleine Wertsch\u00f6pfungsketten soll es Einkommen f\u00fcr m\u00f6glichst viele Frauen schaffen: f\u00fcr die Frauen, die die Samen der Wild- und Heckenpflanze Jatropha sammeln, und die Gruppe der Frauen, die die Seife herstellt, verpackt und vermarktet.<\/p>\n<p>2015 hat ZUBO die Grundlagen f\u00fcr das Seifenprojekt gelegt. Es wurde durch Mittel des BMZ und durch Spendengelder des Welthauses Bielefeld gef\u00f6rdert.<br \/>\nDavon wurden eine Seifenwerkstatt gebaut und mit einer \u00d6lpresse ausgestattet sowie Workshops zur Qualifizierung der Frauen durchge\u00adf\u00fchrt. Die Gruppe S\u00fcdliches Afrika im Welthaus Bielefeld begleitet das Projekt ehren\u00adamtlich.<\/p>\n<p>&nbsp;<\/p>\n<p><img loading=\"lazy\" decoding=\"async\" class=\"alignnone wp-image-340 size-large\" src=\"http:\/\/new.zimbabwe-netzwerk.de\/wp-content\/uploads\/2017\/08\/Unterstu\u0308tzte-Projekte-2_final.doc-1024x768.jpg\" alt=\"\" width=\"720\" height=\"540\" srcset=\"https:\/\/www.zimbabwe-netzwerk.de\/wp-content\/uploads\/2017\/08\/Unterstu\u0308tzte-Projekte-2_final.doc-1024x768.jpg 1024w, https:\/\/www.zimbabwe-netzwerk.de\/wp-content\/uploads\/2017\/08\/Unterstu\u0308tzte-Projekte-2_final.doc-300x225.jpg 300w, https:\/\/www.zimbabwe-netzwerk.de\/wp-content\/uploads\/2017\/08\/Unterstu\u0308tzte-Projekte-2_final.doc-768x576.jpg 768w, https:\/\/www.zimbabwe-netzwerk.de\/wp-content\/uploads\/2017\/08\/Unterstu\u0308tzte-Projekte-2_final.doc.jpg 1126w\" sizes=\"auto, (max-width: 720px) 100vw, 720px\" \/><br \/>\n<em>Seifenwerkstatt, ZUBO<\/em><\/p>\n<p>&nbsp;<\/p>\n<p>Der Absatz der Seife in Zimbabwe ist schwieriger als gedacht, denn die langan\u00adhaltende Krise in Zim\u00adbabwe hat die Kaufkraft des gr\u00f6\u00dften Teils der Bev\u00f6lke\u00adrung sehr geschw\u00e4cht. Auch der Tourismus\u00adsektor in Zimbabwe, der ein wesent\u00adlicher Markt f\u00fcr die Seife sein soll, steckt tief in der Krise. Deshalb arbeitet die Gruppe S\u00fcdliches Afrika derzeit an der M\u00f6glichkeit, einen Teil der Seife in Deutschland zu vermarkten.<\/p>\n<p>Das Zimbabwe Netzwerk unterst\u00fctzt dieses \u00fcberzeugende nachhaltige Projekt durch \u00d6ffentlich\u00adkeits\u00adarbeit und Spendenaufrufe. 2015 luden wir zusammen mit dem Welthaus Bielefeld die Direktorin der Frauenorganisation ZUBO, Rosemary Cumanzala, f\u00fcr eine Rundreise ein.<\/p>\n<p>&nbsp;<\/p>\n<p><img loading=\"lazy\" decoding=\"async\" class=\"alignnone wp-image-341 size-large\" src=\"http:\/\/new.zimbabwe-netzwerk.de\/wp-content\/uploads\/2017\/08\/Unterstu\u0308tzte-Projekte-2_final2.doc-1024x768.jpg\" alt=\"\" width=\"720\" height=\"540\" srcset=\"https:\/\/www.zimbabwe-netzwerk.de\/wp-content\/uploads\/2017\/08\/Unterstu\u0308tzte-Projekte-2_final2.doc-1024x768.jpg 1024w, https:\/\/www.zimbabwe-netzwerk.de\/wp-content\/uploads\/2017\/08\/Unterstu\u0308tzte-Projekte-2_final2.doc-300x225.jpg 300w, https:\/\/www.zimbabwe-netzwerk.de\/wp-content\/uploads\/2017\/08\/Unterstu\u0308tzte-Projekte-2_final2.doc-768x576.jpg 768w, https:\/\/www.zimbabwe-netzwerk.de\/wp-content\/uploads\/2017\/08\/Unterstu\u0308tzte-Projekte-2_final2.doc.jpg 1600w\" sizes=\"auto, (max-width: 720px) 100vw, 720px\" \/><\/p>\n<p><em>Rosemary Cumanzala (vorne rechts), Direktorin von ZUBO, am Oberstufen-Kolleg Bielefeld, Rundreise im Jahr 2015<\/em><\/p>\n<p>&nbsp;<\/p>\n<p>&nbsp;<\/p>\n<p style=\"text-align: center;\">Spenden f\u00fcr das Projekt sind willkommen:<br \/>\nEmpf\u00e4nger: Welthaus Bielefeld e.V., Sparkasse Bielefeld,<br \/>\nIBAN DE91 4805 0161 0000 0908 94\u00a0 | Stichwort: Zubo<\/p>\n<p style=\"text-align: center;\">Mehr lesen:<br \/>\n<a href=\"http:\/\/www.zubo.org\" target=\"_blank\" rel=\"noopener noreferrer\">www.zubo.org<\/a><br \/>\n<a href=\"http:\/\/www.welthaus.de\/esp\/auslandsprojekte\/zimbabwe\/uebersicht\" target=\"_blank\" rel=\"noopener noreferrer\">www.welthaus.de\/esp\/auslandsprojekte\/zimbabwe\/uebersicht<\/a><\/p>\n","protected":false},"excerpt":{"rendered":"<p>Frauenorganisation ZUBO in Binga\/Zimbabwe Die Frauenorganisation ZUBO wirkt im abgelegenen und unfrucht\u00adbaren Distrikt Binga, am Lake Kariba. Hier leben die Tonga, eine seit langem benachteiligte Minderheit in Zimbabwe. Zubo hei\u00dft auf Tonga der traditionelle Fisch\u00adfangkorb, mit dem die Frauen fr\u00fcher,<\/p>\n","protected":false},"author":1,"featured_media":0,"parent":13,"menu_order":4,"comment_status":"closed","ping_status":"closed","template":"","meta":{"footnotes":""},"class_list":["post-324","page","type-page","status-publish","hentry"],"_links":{"self":[{"href":"https:\/\/www.zimbabwe-netzwerk.de\/home\/wp-json\/wp\/v2\/pages\/324","targetHints":{"allow":["GET"]}}],"collection":[{"href":"https:\/\/www.zimbabwe-netzwerk.de\/home\/wp-json\/wp\/v2\/pages"}],"about":[{"href":"https:\/\/www.zimbabwe-netzwerk.de\/home\/wp-json\/wp\/v2\/types\/page"}],"author":[{"embeddable":true,"href":"https:\/\/www.zimbabwe-netzwerk.de\/home\/wp-json\/wp\/v2\/users\/1"}],"replies":[{"embeddable":true,"href":"https:\/\/www.zimbabwe-netzwerk.de\/home\/wp-json\/wp\/v2\/comments?post=324"}],"version-history":[{"count":15,"href":"https:\/\/www.zimbabwe-netzwerk.de\/home\/wp-json\/wp\/v2\/pages\/324\/revisions"}],"predecessor-version":[{"id":1060,"href":"https:\/\/www.zimbabwe-netzwerk.de\/home\/wp-json\/wp\/v2\/pages\/324\/revisions\/1060"}],"up":[{"embeddable":true,"href":"https:\/\/www.zimbabwe-netzwerk.de\/home\/wp-json\/wp\/v2\/pages\/13"}],"wp:attachment":[{"href":"https:\/\/www.zimbabwe-netzwerk.de\/home\/wp-json\/wp\/v2\/media?parent=324"}],"curies":[{"name":"wp","href":"https:\/\/api.w.org\/{rel}","templated":true}]}}