{"id":650,"date":"2018-01-29T11:11:31","date_gmt":"2018-01-29T10:11:31","guid":{"rendered":"http:\/\/neu.zimbabwe-netzwerk.de\/?page_id=650"},"modified":"2026-04-08T12:12:59","modified_gmt":"2026-04-08T10:12:59","slug":"kollumne-ruth-weiss","status":"publish","type":"page","link":"https:\/\/www.zimbabwe-netzwerk.de\/home\/publikationen\/archiv\/kollumne-ruth-weiss\/","title":{"rendered":"Kolumne Ruth Weiss"},"content":{"rendered":"<p>In dieser Kolumne hat Ruth Weiss regelm\u00e4\u00dfig im Vorfeld der Wahlen in Zimbabwe am 31.7.2013 \u00fcber das aktuelle Geschehen informiert.<\/p>\n<table>\n<tbody>\n<tr>\n<td><\/td>\n<td>*<\/td>\n<\/tr>\n<tr>\n<td align=\"right\" valign=\"top\">13.9.2013<\/td>\n<td valign=\"top\"><a href=\"http:\/\/archiv.zimbabwe-netzwerk.de\/Aktuelles\/20130913EN\"> Ruth Weiss&#8216; Column about Zimbabwe (40) <\/a><\/td>\n<\/tr>\n<tr>\n<td align=\"right\" valign=\"top\">6.9.2013<\/td>\n<td valign=\"top\"><a href=\"http:\/\/archiv.zimbabwe-netzwerk.de\/Aktuelles\/20130906de\"> Ruth Weiss zur aktuellen Lage in Simbabwe (39) <\/a><\/td>\n<\/tr>\n<tr>\n<td align=\"right\" valign=\"top\">6.9.2013<\/td>\n<td valign=\"top\"><a href=\"http:\/\/archiv.zimbabwe-netzwerk.de\/Aktuelles\/20130906EN\"> Ruth Weiss&#8216; Column about Zimbabwe (39) <\/a><\/td>\n<\/tr>\n<tr>\n<td align=\"right\" valign=\"top\">30.8.2013<\/td>\n<td valign=\"top\"><a href=\"http:\/\/archiv.zimbabwe-netzwerk.de\/Aktuelles\/20130830EN\"> Ruth Weiss&#8216; Column about Zimbabwe (38) <\/a><\/td>\n<\/tr>\n<tr>\n<td align=\"right\" valign=\"top\">23.8.2013<\/td>\n<td valign=\"top\"><a href=\"http:\/\/archiv.zimbabwe-netzwerk.de\/Aktuelles\/20130823EN\"> Ruth Weiss: Zimbabwe before the elections (37) <\/a><\/td>\n<\/tr>\n<tr>\n<td align=\"right\" valign=\"top\">16.8.2013<\/td>\n<td valign=\"top\"><a href=\"http:\/\/archiv.zimbabwe-netzwerk.de\/Aktuelles\/20130816EN\"> Ruth Weiss: Zimbabwe before the elections (36) <\/a><\/td>\n<\/tr>\n<tr>\n<td align=\"right\" valign=\"top\">9.8.2013<\/td>\n<td valign=\"top\"><a href=\"http:\/\/archiv.zimbabwe-netzwerk.de\/Aktuelles\/20130809de\"> Ruth Weiss: Zimbabwe vor der Wahl (35) <\/a><\/td>\n<\/tr>\n<tr>\n<td align=\"right\" valign=\"top\">9.8.2013<\/td>\n<td valign=\"top\"><a href=\"http:\/\/archiv.zimbabwe-netzwerk.de\/Aktuelles\/20130809EN\"> Ruth Weiss: Zimbabwe before the elections (35) <\/a><\/td>\n<\/tr>\n<tr>\n<td align=\"right\" valign=\"top\">2.8.2013<\/td>\n<td valign=\"top\"><a href=\"http:\/\/archiv.zimbabwe-netzwerk.de\/Aktuelles\/20130802EN\"> Ruth Weiss: Zimbabwe before the elections (34) <\/a><\/td>\n<\/tr>\n<tr>\n<td align=\"right\" valign=\"top\">26.7.2013<\/td>\n<td valign=\"top\"><a href=\"http:\/\/archiv.zimbabwe-netzwerk.de\/Aktuelles\/20130726de\"> Ruth Weiss: Zimbabwe vor der Wahl (33) <\/a><\/td>\n<\/tr>\n<tr>\n<td align=\"right\" valign=\"top\">26.7.2013<\/td>\n<td valign=\"top\"><a href=\"http:\/\/archiv.zimbabwe-netzwerk.de\/Aktuelles\/20130726EN\"> Ruth Weiss: Zimbabwe before the elections (33) <\/a><\/td>\n<\/tr>\n<tr>\n<td align=\"right\" valign=\"top\">19.7.2013<\/td>\n<td valign=\"top\"><a href=\"http:\/\/archiv.zimbabwe-netzwerk.de\/Aktuelles\/20130719de\"> Ruth Weiss: Zimbabwe vor der Wahl (32) <\/a><\/td>\n<\/tr>\n<tr>\n<td align=\"right\" valign=\"top\">19.7.2013<\/td>\n<td valign=\"top\"><a href=\"http:\/\/archiv.zimbabwe-netzwerk.de\/Aktuelles\/20130719EN\"> Ruth Weiss: Zimbabwe before the elections (32) <\/a><\/td>\n<\/tr>\n<tr>\n<td align=\"right\" valign=\"top\">12.7.2013<\/td>\n<td valign=\"top\"><a href=\"http:\/\/archiv.zimbabwe-netzwerk.de\/Aktuelles\/20130712de\"> Ruth Weiss: Zimbabwe vor der Wahl (31) <\/a><\/td>\n<\/tr>\n<tr>\n<td align=\"right\" valign=\"top\">12.7.2013<\/td>\n<td valign=\"top\"><a href=\"http:\/\/archiv.zimbabwe-netzwerk.de\/Aktuelles\/20130712EN\"> Ruth Weiss: Zimbabwe before the elections (31) <\/a><\/td>\n<\/tr>\n<tr>\n<td align=\"right\" valign=\"top\">5.7.2013<\/td>\n<td valign=\"top\"><a href=\"http:\/\/archiv.zimbabwe-netzwerk.de\/Aktuelles\/20130705de\"> Ruth Weiss: Zimbabwe vor der Wahl (30) <\/a><\/td>\n<\/tr>\n<tr>\n<td align=\"right\" valign=\"top\">5.7.2013<\/td>\n<td valign=\"top\"><a href=\"http:\/\/archiv.zimbabwe-netzwerk.de\/Aktuelles\/20130705EN\"> Ruth Weiss: Zimbabwe before the elections (30) <\/a><\/td>\n<\/tr>\n<tr>\n<td align=\"right\" valign=\"top\">28.6.2013<\/td>\n<td valign=\"top\"><a href=\"http:\/\/archiv.zimbabwe-netzwerk.de\/Aktuelles\/20130628de\"> Ruth Weiss: Zimbabwe vor der Wahl (29) <\/a><\/td>\n<\/tr>\n<tr>\n<td align=\"right\" valign=\"top\">28.6.2013<\/td>\n<td valign=\"top\"><a href=\"http:\/\/archiv.zimbabwe-netzwerk.de\/Aktuelles\/20130628EN\"> Ruth Weiss: Zimbabwe before the elections (29) <\/a><\/td>\n<\/tr>\n<tr>\n<td align=\"right\" valign=\"top\">21.6.2013<\/td>\n<td valign=\"top\"><a href=\"http:\/\/archiv.zimbabwe-netzwerk.de\/Aktuelles\/20130621de\"> Ruth Weiss: Zimbabwe vor der Wahl (28) <\/a><\/td>\n<\/tr>\n<tr>\n<td align=\"right\" valign=\"top\">21.6.2013<\/td>\n<td valign=\"top\"><a href=\"http:\/\/archiv.zimbabwe-netzwerk.de\/Aktuelles\/20130621EN\"> Ruth Weiss: Zimbabwe before the elections (28) <\/a><\/td>\n<\/tr>\n<tr>\n<td align=\"right\" valign=\"top\">14.6.2013<\/td>\n<td valign=\"top\"><a href=\"http:\/\/archiv.zimbabwe-netzwerk.de\/Aktuelles\/20130614de\"> Ruth Weiss: Zimbabwe vor der Wahl (27) <\/a><\/td>\n<\/tr>\n<tr>\n<td align=\"right\" valign=\"top\">14.6.2013<\/td>\n<td valign=\"top\"><a href=\"http:\/\/archiv.zimbabwe-netzwerk.de\/Aktuelles\/20130614EN\"> Ruth Weiss: Zimbabwe before the elections (27) <\/a><\/td>\n<\/tr>\n<tr>\n<td align=\"right\" valign=\"top\">7.6.2013<\/td>\n<td valign=\"top\"><a href=\"http:\/\/archiv.zimbabwe-netzwerk.de\/Aktuelles\/20130607de\"> Ruth Weiss: Zimbabwe vor der Wahl (26) <\/a><\/td>\n<\/tr>\n<tr>\n<td align=\"right\" valign=\"top\">7.6.2013<\/td>\n<td valign=\"top\"><a href=\"http:\/\/archiv.zimbabwe-netzwerk.de\/Aktuelles\/20130607EN\"> Ruth Weiss: Zimbabwe before the elections (26) <\/a><\/td>\n<\/tr>\n<tr>\n<td align=\"right\" valign=\"top\">31.5.2013<\/td>\n<td valign=\"top\"><a href=\"http:\/\/archiv.zimbabwe-netzwerk.de\/Aktuelles\/20130531EN\"> Ruth Weiss: Zimbabwe before the elections (25) <\/a><\/td>\n<\/tr>\n<tr>\n<td align=\"right\" valign=\"top\">10.5.2013<\/td>\n<td valign=\"top\"><a href=\"http:\/\/archiv.zimbabwe-netzwerk.de\/Aktuelles\/20130510EN\"> Ruth Weiss: Zimbabwe before the elections (24) <\/a><\/td>\n<\/tr>\n<tr>\n<td align=\"right\" valign=\"top\">3.5.2013<\/td>\n<td valign=\"top\"><a href=\"http:\/\/archiv.zimbabwe-netzwerk.de\/Aktuelles\/20130503EN\"> Ruth Weiss: Zimbabwe before the elections (23) <\/a><\/td>\n<\/tr>\n<tr>\n<td align=\"right\" valign=\"top\">26.4.2013<\/td>\n<td valign=\"top\"><a href=\"http:\/\/archiv.zimbabwe-netzwerk.de\/Aktuelles\/20130426de\"> Ruth Weiss: Zimbabwe vor der Wahl (22) <\/a><\/td>\n<\/tr>\n<tr>\n<td align=\"right\" valign=\"top\">26.4.2013<\/td>\n<td valign=\"top\"><a href=\"http:\/\/archiv.zimbabwe-netzwerk.de\/Aktuelles\/20130426EN\"> Ruth Weiss: Zimbabwe before the elections (22) <\/a><\/td>\n<\/tr>\n<tr>\n<td align=\"right\" valign=\"top\">19.4.2013<\/td>\n<td valign=\"top\"><a href=\"http:\/\/archiv.zimbabwe-netzwerk.de\/Aktuelles\/20130419EN\"> Ruth Weiss: Zimbabwe before the elections (21) <\/a><\/td>\n<\/tr>\n<tr>\n<td align=\"right\" valign=\"top\">12.4.2013<\/td>\n<td valign=\"top\"><a href=\"http:\/\/archiv.zimbabwe-netzwerk.de\/Aktuelles\/20130412de\"> Ruth Weiss: Zimbabwe vor der Wahl (20) <\/a><\/td>\n<\/tr>\n<tr>\n<td align=\"right\" valign=\"top\">12.4.2013<\/td>\n<td valign=\"top\"><a href=\"http:\/\/archiv.zimbabwe-netzwerk.de\/Aktuelles\/20130412EN\"> Ruth Weiss: Zimbabwe before the elections (20) <\/a><\/td>\n<\/tr>\n<tr>\n<td align=\"right\" valign=\"top\">5.4.2013<\/td>\n<td valign=\"top\"><a href=\"http:\/\/archiv.zimbabwe-netzwerk.de\/Aktuelles\/20130405en\"> Ruth Weiss: Zimbabwe before the elections (19) <\/a><\/td>\n<\/tr>\n<tr>\n<td align=\"right\" valign=\"top\">5.4.2013<\/td>\n<td valign=\"top\"><a href=\"http:\/\/archiv.zimbabwe-netzwerk.de\/Aktuelles\/20130405DE\"> Ruth Weiss: Zimbabwe vor der Wahl (19) <\/a><\/td>\n<\/tr>\n<tr>\n<td align=\"right\" valign=\"top\">30.3.2013<\/td>\n<td valign=\"top\"><a href=\"http:\/\/archiv.zimbabwe-netzwerk.de\/Aktuelles\/20130330de\"> Ruth Weiss: Zimbabwe vor der Wahl (18) <\/a><\/td>\n<\/tr>\n<tr>\n<td align=\"right\" valign=\"top\">30.3.2013<\/td>\n<td valign=\"top\"><a href=\"http:\/\/archiv.zimbabwe-netzwerk.de\/Aktuelles\/20130330EN\"> Ruth Weiss: Zimbabwe before the elections (18) <\/a><\/td>\n<\/tr>\n<tr>\n<td align=\"right\" valign=\"top\">26.3.2013<\/td>\n<td valign=\"top\"><a href=\"http:\/\/archiv.zimbabwe-netzwerk.de\/Aktuelles\/20130326de\"> Ruth Weiss: Zimbabwe vor der Wahl (17) <\/a><\/td>\n<\/tr>\n<tr>\n<td align=\"right\" valign=\"top\">25.3.2013<\/td>\n<td valign=\"top\"><a href=\"http:\/\/archiv.zimbabwe-netzwerk.de\/Aktuelles\/20130325EN\"> Ruth Weiss: Zimbabwe before the elections (17b) <\/a><\/td>\n<\/tr>\n<tr>\n<td align=\"right\" valign=\"top\">22.3.2013<\/td>\n<td valign=\"top\"><a href=\"http:\/\/archiv.zimbabwe-netzwerk.de\/Aktuelles\/20130322EN\"> Ruth Weiss: Zimbabwe before the elections (17) <\/a><\/td>\n<\/tr>\n<tr>\n<td align=\"right\" valign=\"top\">15.3.2013<\/td>\n<td valign=\"top\"><a href=\"http:\/\/archiv.zimbabwe-netzwerk.de\/Aktuelles\/20130315de\"> Ruth Weiss: Zimbabwe vor der Wahl (16) <\/a><\/td>\n<\/tr>\n<tr>\n<td align=\"right\" valign=\"top\">15.3.2013<\/td>\n<td valign=\"top\"><a href=\"http:\/\/archiv.zimbabwe-netzwerk.de\/Aktuelles\/20130315EN\"> Ruth Weiss: Zimbabwe before the elections (16) <\/a><\/td>\n<\/tr>\n<tr>\n<td align=\"right\" valign=\"top\">8.3.2013<\/td>\n<td valign=\"top\"><a href=\"http:\/\/archiv.zimbabwe-netzwerk.de\/Aktuelles\/20130308de\"> Ruth Weiss: Zimbabwe vor der Wahl (15) <\/a><\/td>\n<\/tr>\n<tr>\n<td align=\"right\" valign=\"top\">8.3.2013<\/td>\n<td valign=\"top\"><a href=\"http:\/\/archiv.zimbabwe-netzwerk.de\/Aktuelles\/20130308EN\"> Ruth Weiss: Zimbabwe before the elections (15) <\/a><\/td>\n<\/tr>\n<tr>\n<td align=\"right\" valign=\"top\">1.3.2013<\/td>\n<td valign=\"top\"><a href=\"http:\/\/archiv.zimbabwe-netzwerk.de\/Aktuelles\/20130301en\"> Ruth Weiss: Zimbabwe before the elections (14) <\/a><\/td>\n<\/tr>\n<tr>\n<td align=\"right\" valign=\"top\">1.3.2013<\/td>\n<td valign=\"top\"><a href=\"http:\/\/archiv.zimbabwe-netzwerk.de\/Aktuelles\/20130301de\"> Ruth Weiss: Zimbabwe vor der Wahl (14) <\/a><\/td>\n<\/tr>\n<tr>\n<td align=\"right\" valign=\"top\">22.2.2013<\/td>\n<td valign=\"top\"><a href=\"http:\/\/archiv.zimbabwe-netzwerk.de\/Aktuelles\/20130222en\"> Ruth Weiss: Zimbabwe before the elections (13) <\/a><\/td>\n<\/tr>\n<tr>\n<td align=\"right\" valign=\"top\">22.2.2013<\/td>\n<td valign=\"top\"><a href=\"http:\/\/archiv.zimbabwe-netzwerk.de\/Aktuelles\/20130222de\"> Ruth Weiss: Zimbabwe vor der Wahl (13) <\/a><\/td>\n<\/tr>\n<tr>\n<td align=\"right\" valign=\"top\">16.2.2013<\/td>\n<td valign=\"top\"><a href=\"http:\/\/archiv.zimbabwe-netzwerk.de\/Aktuelles\/20130216\"> Ruth Weiss: Zimbabwe vor der Wahl (12) <\/a><\/td>\n<\/tr>\n<tr>\n<td align=\"right\" valign=\"top\">15.2.2013<\/td>\n<td valign=\"top\"><a href=\"http:\/\/archiv.zimbabwe-netzwerk.de\/Aktuelles\/20130215\"> Ruth Weiss: Zimbabwe before the elections (12) <\/a><\/td>\n<\/tr>\n<tr>\n<td align=\"right\" valign=\"top\">13.2.2013<\/td>\n<td valign=\"top\"><a href=\"http:\/\/archiv.zimbabwe-netzwerk.de\/Aktuelles\/20130213\"> Ruth Weiss: Zimbabwe vor der Wahl (11) <\/a><\/td>\n<\/tr>\n<tr>\n<td align=\"right\" valign=\"top\">8.2.2013<\/td>\n<td valign=\"top\"><a href=\"http:\/\/archiv.zimbabwe-netzwerk.de\/Aktuelles\/20130208\"> Ruth Weiss: Zimbabwe before the elections (11) <\/a><\/td>\n<\/tr>\n<tr>\n<td align=\"right\" valign=\"top\">1.2.2013<\/td>\n<td valign=\"top\"><a href=\"http:\/\/archiv.zimbabwe-netzwerk.de\/Aktuelles\/20130201\"> Ruth Weiss: Zimbabwe vor der Wahl (10) <\/a><\/td>\n<\/tr>\n<tr>\n<td align=\"right\" valign=\"top\">28.1.2013<\/td>\n<td valign=\"top\"><a href=\"http:\/\/archiv.zimbabwe-netzwerk.de\/Aktuelles\/20130128\"> Ruth Weiss: Zimbabwe vor der Wahl (9) <\/a><\/td>\n<\/tr>\n<tr>\n<td align=\"right\" valign=\"top\">19.1.2013<\/td>\n<td valign=\"top\"><a href=\"http:\/\/archiv.zimbabwe-netzwerk.de\/Aktuelles\/20130119\"> Ruth Weiss: Zimbabwe vor der Wahl (8) <\/a><\/td>\n<\/tr>\n<tr>\n<td align=\"right\" valign=\"top\">11.1.2013<\/td>\n<td valign=\"top\"><a href=\"http:\/\/archiv.zimbabwe-netzwerk.de\/Aktuelles\/20130111\"> Ruth Weiss: Zimbabwe vor der Wahl (7) <\/a><\/td>\n<\/tr>\n<tr>\n<td align=\"right\" valign=\"top\">5.1.2013<\/td>\n<td valign=\"top\"><a href=\"http:\/\/archiv.zimbabwe-netzwerk.de\/Aktuelles\/20130105\"> Ruth Weiss: Zimbabwe vor der Wahl (6) <\/a><\/td>\n<\/tr>\n<tr>\n<td><\/td>\n<td>*<\/td>\n<\/tr>\n<tr>\n<td align=\"right\" valign=\"top\">28.12.2012<\/td>\n<td valign=\"top\"><a href=\"http:\/\/archiv.zimbabwe-netzwerk.de\/Aktuelles\/20121228\"> Ruth Weiss: Zimbabwe vor der Wahl (5) <\/a><\/td>\n<\/tr>\n<tr>\n<td align=\"right\" valign=\"top\">23.12.2012<\/td>\n<td valign=\"top\"><a href=\"http:\/\/archiv.zimbabwe-netzwerk.de\/Aktuelles\/20121223\"> Ruth Weiss: Zimbabwe vor der Wahl (4) <\/a><\/td>\n<\/tr>\n<tr>\n<td align=\"right\" valign=\"top\">21.12.2012<\/td>\n<td valign=\"top\"><a href=\"http:\/\/archiv.zimbabwe-netzwerk.de\/Aktuelles\/20121221\"> Ruth Weiss: Vor der Wahl in Zimbabwe (3) <\/a><\/td>\n<\/tr>\n<tr>\n<td align=\"right\" valign=\"top\">14.12.2012<\/td>\n<td valign=\"top\"><a href=\"http:\/\/archiv.zimbabwe-netzwerk.de\/Aktuelles\/20121214\"> Ruth Weiss: Vor der Wahl in Zimbabwe (2) <\/a><\/td>\n<\/tr>\n<tr>\n<td align=\"right\" valign=\"top\">5.12.2012<\/td>\n<td valign=\"top\"><a href=\"http:\/\/archiv.zimbabwe-netzwerk.de\/Aktuelles\/20121205\"> Ruth Weiss: Vor der Wahl in Zimbabwe (1) <\/a><\/td>\n<\/tr>\n<\/tbody>\n<\/table>\n<p>&nbsp;<\/p>\n<hr align=\"left\" width=\"90%\" \/>\n<p>Letzte \u00c4nderung: Tuesday, 17-Feb-2015 20:32:07 CET<\/p>\n","protected":false},"excerpt":{"rendered":"<p>In dieser Kolumne hat Ruth Weiss regelm\u00e4\u00dfig im Vorfeld der Wahlen in Zimbabwe am 31.7.2013 \u00fcber das aktuelle Geschehen informiert. * 13.9.2013 Ruth Weiss&#8216; Column about Zimbabwe (40) 6.9.2013 Ruth Weiss zur aktuellen Lage in Simbabwe (39) 6.9.2013 Ruth Weiss&#8216;<\/p>\n","protected":false},"author":1,"featured_media":0,"parent":643,"menu_order":0,"comment_status":"closed","ping_status":"closed","template":"","meta":{"footnotes":""},"class_list":["post-650","page","type-page","status-publish","hentry"],"_links":{"self":[{"href":"https:\/\/www.zimbabwe-netzwerk.de\/home\/wp-json\/wp\/v2\/pages\/650","targetHints":{"allow":["GET"]}}],"collection":[{"href":"https:\/\/www.zimbabwe-netzwerk.de\/home\/wp-json\/wp\/v2\/pages"}],"about":[{"href":"https:\/\/www.zimbabwe-netzwerk.de\/home\/wp-json\/wp\/v2\/types\/page"}],"author":[{"embeddable":true,"href":"https:\/\/www.zimbabwe-netzwerk.de\/home\/wp-json\/wp\/v2\/users\/1"}],"replies":[{"embeddable":true,"href":"https:\/\/www.zimbabwe-netzwerk.de\/home\/wp-json\/wp\/v2\/comments?post=650"}],"version-history":[{"count":3,"href":"https:\/\/www.zimbabwe-netzwerk.de\/home\/wp-json\/wp\/v2\/pages\/650\/revisions"}],"predecessor-version":[{"id":657,"href":"https:\/\/www.zimbabwe-netzwerk.de\/home\/wp-json\/wp\/v2\/pages\/650\/revisions\/657"}],"up":[{"embeddable":true,"href":"https:\/\/www.zimbabwe-netzwerk.de\/home\/wp-json\/wp\/v2\/pages\/643"}],"wp:attachment":[{"href":"https:\/\/www.zimbabwe-netzwerk.de\/home\/wp-json\/wp\/v2\/media?parent=650"}],"curies":[{"name":"wp","href":"https:\/\/api.w.org\/{rel}","templated":true}]}}