{"id":672,"date":"2018-01-29T11:40:01","date_gmt":"2018-01-29T10:40:01","guid":{"rendered":"http:\/\/neu.zimbabwe-netzwerk.de\/?page_id=672"},"modified":"2024-04-23T14:34:31","modified_gmt":"2024-04-23T12:34:31","slug":"geschaeftsstelle","status":"publish","type":"page","link":"https:\/\/www.zimbabwe-netzwerk.de\/home\/ueber-uns\/geschaeftsstelle\/","title":{"rendered":"Gesch\u00e4ftsstelle und Vorstand"},"content":{"rendered":"<p><strong>Gesch\u00e4ftsstelle<\/strong><br \/>\nKontakt<\/p>\n<div class=\"wp-block-greentreelabs-post-snippets-block\">c\/o N\u00fcrnberger Initiative f\u00fcr Afrika (NIfA)<br \/>\nK\u00f6nigstr. 64<br \/>\n90402 N\u00fcrnberg<\/p>\n<\/div>\n<div class=\"wp-block-greentreelabs-post-snippets-block\"><p>Tel.: 0(049) 911 2346-310 (fest erreichbar: dienstags und donnerstags 14-17 Uhr)<br \/>\r\nE-mail: <a href=\"mailto:zimbabwenetzwerk@posteo.de\" target=\"_blank\" rel=\"noopener noreferrer\">zimbabwenetzwerk@posteo.de<\/a><\/p><\/div>\n<p><strong>Gesch\u00e4ftsf\u00fchrender Vorstand<\/strong><br \/>\n Heidi Hesse<br \/>\n Bernward Causemann<br \/>\nIrit Holzheimer<\/p>\n<p><strong><em>(seit 2023)<\/em><\/strong><\/p>\n","protected":false},"excerpt":{"rendered":"<p>Gesch\u00e4ftsstelle Kontakt Gesch\u00e4ftsf\u00fchrender Vorstand Heidi Hesse Bernward Causemann Irit Holzheimer (seit 2023)<\/p>\n","protected":false},"author":1,"featured_media":0,"parent":11,"menu_order":0,"comment_status":"closed","ping_status":"closed","template":"","meta":{"footnotes":""},"class_list":["post-672","page","type-page","status-publish","hentry"],"_links":{"self":[{"href":"https:\/\/www.zimbabwe-netzwerk.de\/home\/wp-json\/wp\/v2\/pages\/672","targetHints":{"allow":["GET"]}}],"collection":[{"href":"https:\/\/www.zimbabwe-netzwerk.de\/home\/wp-json\/wp\/v2\/pages"}],"about":[{"href":"https:\/\/www.zimbabwe-netzwerk.de\/home\/wp-json\/wp\/v2\/types\/page"}],"author":[{"embeddable":true,"href":"https:\/\/www.zimbabwe-netzwerk.de\/home\/wp-json\/wp\/v2\/users\/1"}],"replies":[{"embeddable":true,"href":"https:\/\/www.zimbabwe-netzwerk.de\/home\/wp-json\/wp\/v2\/comments?post=672"}],"version-history":[{"count":33,"href":"https:\/\/www.zimbabwe-netzwerk.de\/home\/wp-json\/wp\/v2\/pages\/672\/revisions"}],"predecessor-version":[{"id":2044,"href":"https:\/\/www.zimbabwe-netzwerk.de\/home\/wp-json\/wp\/v2\/pages\/672\/revisions\/2044"}],"up":[{"embeddable":true,"href":"https:\/\/www.zimbabwe-netzwerk.de\/home\/wp-json\/wp\/v2\/pages\/11"}],"wp:attachment":[{"href":"https:\/\/www.zimbabwe-netzwerk.de\/home\/wp-json\/wp\/v2\/media?parent=672"}],"curies":[{"name":"wp","href":"https:\/\/api.w.org\/{rel}","templated":true}]}}