{"id":675,"date":"2018-01-29T11:40:25","date_gmt":"2018-01-29T10:40:25","guid":{"rendered":"http:\/\/neu.zimbabwe-netzwerk.de\/?page_id=675"},"modified":"2018-02-20T15:32:12","modified_gmt":"2018-02-20T14:32:12","slug":"satzungen","status":"publish","type":"page","link":"https:\/\/www.zimbabwe-netzwerk.de\/home\/ueber-uns\/satzungen\/","title":{"rendered":"Satzung des Zimbabwe Netzwerk e.V."},"content":{"rendered":"<p>Der Verein f\u00fchrt den Namen <strong>ZIMBABWE NETZWERK e. V.<\/strong> Er ist in das Vereinsregister des Amtsgerichts Bielefeld einzutragen. Sitz des Vereins ist Bielefeld.<\/p>\n<p><strong>\u00a7 1 Zweck des Vereins<\/strong><br \/>\nDas <strong>Zimbabwe Netzwerk<\/strong> verfolgt die Ziele:<br \/>\n&#8211; die Verst\u00e4ndigung und Zusammenarbeit zwischen der Bev\u00f6lkerung des Bundesrepublik Deutschland und der Bev\u00f6lkerung Zimbabwes zu f\u00f6rdern,<br \/>\n&#8211; die Bem\u00fchungen Zimbabwes zu unterst\u00fctzen, seine nationale Unabh\u00e4ngigkeit und Blockfreiheit zu sch\u00fctzen, die wirtschaftliche Unabh\u00e4ngigkeit zu erreichen und eine nichtrassische und sozial gerechte Gesellschaft zu entwickeln,<br \/>\n&#8211; durch Informationen, Publikationen, \u00d6ffentlichkeits- und Bildungsveranstaltungen und Kulturaustausch bei der Bev\u00f6lkerung der BRD Verst\u00e4ndnis f\u00fcr die Probleme und Ziele Zimbabwes zu wecken,<br \/>\n&#8211; den Erfahrungsaustausch und die Zusammenarbeit von Institutionen und Einzelpersonen (Entwicklungshilfeorganisationen, wissenschaftliche Einrichtungen, Aktionsgruppen, Gewerkschaften, Politiker\/innen, Journalist\/innen, Wissenschaftler\/innen, Lehrer\/innen usw.), die sich f\u00fcr Zimbabwe interessieren und mit Zimbabwe kooperieren, zu vertiefen,<br \/>\n&#8211; sich um die Herstellung und die Pflege von Kontakten mit zimbabwischen Partner\/innen zu bem\u00fchen und<br \/>\n&#8211; Projekte in Zimbabwe zu unterst\u00fctzen.<br \/>\nDer Verein ist selbstlos t\u00e4tig. Er verfolgt ausschlie\u00dflich und unmittelbar gemeinn\u00fctzige Zwecke im Sinne des Abschnitts, steuerbeg\u00fcnstigte Zwecke\u2018 der Abgabeordnung. Er verfolgt nicht in erster Linie eigenwirtschaftliche Zwecke. Mittel des Vereins d\u00fcrfen nur f\u00fcr die satzungsm\u00e4\u00dfigen Zwecke verwendet werden. Die Mitglieder erhalten keine Zuwendungen aus Mitteln des Vereins.<\/p>\n<p><strong>\u00a7 2 Mitgliedschaft<\/strong><br \/>\na) Mitglied des <strong>Zimbabwe Netzwerks<\/strong> k\u00f6nnen alle werden, die die Satzung des Vereins anerkennen und den Mitgliedsbeitrag entrichten.<br \/>\nb) Die Mitgliedschaft endet durch Austritt, Tod, Ausschluss oder Erl\u00f6schen.<br \/>\nc) Beitritts- und Austrittserkl\u00e4rungen bed\u00fcrfen der schriftlichen Erkl\u00e4rung gegen\u00fcber dem Vorstand.<br \/>\nd) Der Ausschluss erfolgt, wenn ein Mitglied gegen die Satzung des Vereins schwer verst\u00f6\u00dft. Ausschlussantr\u00e4ge kann jedes Mitglied stellen. Der Antrag muss mit schriftlicher Begr\u00fcndung an den Vorstand gerichtet werden, der diesen an die Mitglieder zur Beschlussfassung auf der n\u00e4chstfolgenden Mitgliedsversammlung weiterleitet.<br \/>\ne) Die Mitgliedschaft erlischt, wenn ein Mitglied mit zwei Jahresmitgliedsbeitr\u00e4gen im R\u00fcckstand ist.<\/p>\n<p><strong>\u00a7 3 Organe<\/strong><br \/>\nOrgan des Vereins sind die Mitgliederversammlung (MV) und der Vereinsvorstand (Vorstand).<\/p>\n<p><strong>\u00a7 4 Mitgliederversammlung<\/strong><br \/>\na) Die MV ist das oberste Organ des Vereins.<br \/>\nb) Die ordentliche MV findet einmal im Jahr statt und wird durch den Vorstand einberufen<br \/>\nc) Eine au\u00dferordentliche MV ist auf Beschluss des Vorstands des Vereins oder auf Antrag von mindestens \u00bc der Mitglieder einzuberufen.<br \/>\nd) Die Einladung zur MV hat unter Angabe der Tagesordnung vier Wochen vor dem vorgesehenen Versammlungstermin zu erfolgen. Die Einladung erfolgt schriftlich.<br \/>\ne) Die MV beschlie\u00dft insbesondere \u00fcber:<br \/>\n&#8211; die Richtlinien der Arbeit des Vereins und das Arbeitsprogramm,<br \/>\n&#8211; die Wahl, Abwahl und Entlastung des Vorstands,<br \/>\n&#8211; den Finanzhaushalt des Vereins,<br \/>\n&#8211; Satzungs\u00e4nderungen,<br \/>\n&#8211; den Ausschluss von Mitgliedern und best\u00e4tigt die Aufnahme von Mitgliedern.<br \/>\nf) jede ordnungsgem\u00e4\u00df anberaumte Mitgliederversammlung ist beschlussf\u00e4hig.<br \/>\ng) Der Ausschluss von Mitgliedern und Satzungs\u00e4nderungen bed\u00fcrfen der Mehrheit von mindestens 2\/3 der bei der MV anwesenden Mitglieder. Alle anderen Beschl\u00fcsse bed\u00fcrfen der einfachen Mehrheit, sofern in dieser Satzung nicht anders bestimmt.<\/p>\n<p>h) \u00dcber jede Sitzung ist eine Niederschrift zu fertigen, die von einem Mitglied des gesch\u00e4ftsf\u00fchrenden Vorstands und einem weiteren Vereinsmitglied zu unterzeichnen ist.<\/p>\n<p><strong>\u00a7 5 Vorstand<\/strong><br \/>\na) Der Vorstand vertritt den Verein gerichtlich und au\u00dfergerichtlich und f\u00fchrt die Gesch\u00e4fte des Vereins auf der Grundlage der Beschl\u00fcsse der MV. Er kann Personen mit der Gesch\u00e4ftsf\u00fchrung beauftragen. Er beschlie\u00dft die Aufnahme von Mitgliedern vorbehaltlich der Best\u00e4tigung durch die n\u00e4chst folgende MV.<br \/>\nb) Der Vorstand ist dem Verein f\u00fcr die Dauer seiner Amtszeit rechenschaftspflichtig.<br \/>\nc) Der Vorstand wird f\u00fcr ein Jahr von der MV gew\u00e4hlt. Er besteht aus bis zu zw\u00f6lf Vereinsmitgliedern, der gesch\u00e4ftsf\u00fchrende Vorstand aus drei Vereinsmitgliedern. Zur Vertretung des Vorstands nach au\u00dfen sind jeweils zwei Mitglieder des gesch\u00e4ftsf\u00fchrenden Vorstands erforderlich.<\/p>\n<p><strong>\u00a7 6 Beitr\u00e4ge<\/strong><br \/>\na) Der Verein erhebt Mitgliedsbeitr\u00e4ge.<br \/>\nb) Die MV beschlie\u00dft \u00fcber die H\u00f6he des Mitgliedsbeitrags.<br \/>\nc) Keine Person darf durch Verwaltungsaufgaben, die dem Zweck des Vereins fremd sind, oder durchunverh\u00e4ltnism\u00e4\u00dfig hohe Verg\u00fctung beg\u00fcnstigt werden.<\/p>\n<p><strong>\u00a7 7 Aufl\u00f6sung des Vereins<\/strong><br \/>\nDie Aufl\u00f6sung des Vereins erfolgt durch die Mitgliederversammlung mit \u2154 Mehrheit der Mitglieder. Bei Aufl\u00f6sung des Vereins oder bei Wegfall seines bisherigen Zwecks f\u00e4llt das Verm\u00f6gen des Vereins an die \u201aAktionsgemeinschaft Solidarische Welt e.V. \u2018, die es unmittelbar und ausschlie\u00dflich f\u00fcr gemeinn\u00fctzige oder mildt\u00e4tige Zwecke im Sinne des Zimbabwe Netzwerk e.V. zu verwenden hat.<\/p>\n<p>&nbsp;<\/p>\n<p><em>Stuttgart, den 22.2.1993<\/em><\/p>\n","protected":false},"excerpt":{"rendered":"<p>Der Verein f\u00fchrt den Namen ZIMBABWE NETZWERK e. V. Er ist in das Vereinsregister des Amtsgerichts Bielefeld einzutragen. Sitz des Vereins ist Bielefeld. \u00a7 1 Zweck des Vereins Das Zimbabwe Netzwerk verfolgt die Ziele: &#8211; die Verst\u00e4ndigung und Zusammenarbeit zwischen<\/p>\n","protected":false},"author":1,"featured_media":0,"parent":11,"menu_order":0,"comment_status":"closed","ping_status":"closed","template":"","meta":{"footnotes":""},"class_list":["post-675","page","type-page","status-publish","hentry"],"_links":{"self":[{"href":"https:\/\/www.zimbabwe-netzwerk.de\/home\/wp-json\/wp\/v2\/pages\/675","targetHints":{"allow":["GET"]}}],"collection":[{"href":"https:\/\/www.zimbabwe-netzwerk.de\/home\/wp-json\/wp\/v2\/pages"}],"about":[{"href":"https:\/\/www.zimbabwe-netzwerk.de\/home\/wp-json\/wp\/v2\/types\/page"}],"author":[{"embeddable":true,"href":"https:\/\/www.zimbabwe-netzwerk.de\/home\/wp-json\/wp\/v2\/users\/1"}],"replies":[{"embeddable":true,"href":"https:\/\/www.zimbabwe-netzwerk.de\/home\/wp-json\/wp\/v2\/comments?post=675"}],"version-history":[{"count":14,"href":"https:\/\/www.zimbabwe-netzwerk.de\/home\/wp-json\/wp\/v2\/pages\/675\/revisions"}],"predecessor-version":[{"id":1024,"href":"https:\/\/www.zimbabwe-netzwerk.de\/home\/wp-json\/wp\/v2\/pages\/675\/revisions\/1024"}],"up":[{"embeddable":true,"href":"https:\/\/www.zimbabwe-netzwerk.de\/home\/wp-json\/wp\/v2\/pages\/11"}],"wp:attachment":[{"href":"https:\/\/www.zimbabwe-netzwerk.de\/home\/wp-json\/wp\/v2\/media?parent=675"}],"curies":[{"name":"wp","href":"https:\/\/api.w.org\/{rel}","templated":true}]}}