{"id":677,"date":"2018-01-29T11:40:41","date_gmt":"2018-01-29T10:40:41","guid":{"rendered":"http:\/\/neu.zimbabwe-netzwerk.de\/?page_id=677"},"modified":"2018-04-08T21:01:04","modified_gmt":"2018-04-08T19:01:04","slug":"mitglied-werden","status":"publish","type":"page","link":"https:\/\/www.zimbabwe-netzwerk.de\/home\/ueber-uns\/mitglied-werden\/","title":{"rendered":"Mitglied werden"},"content":{"rendered":"<p>Wir laden Sie herzlich ein, Mitglied des <strong>Zimbabwe Netzwerk e.V<\/strong>. zu werden.<\/p>\n<p>Als Mitglied werden Sie zur j\u00e4hrlich stattfinden Mitgliederversammlung eingeladen und entscheiden mit \u00fcber die Arbeit des Zimbabwe Netzwerks und Sie erhalten kostenlos zwei Mal im Jahr unsere Zeitschrift <a href=\"\/zif\/\" target=\"_blank\" rel=\"noopener\"><strong>Zimbabwe im Fokus<\/strong>,<\/a> sowie den unregelm\u00e4\u00dfig erscheinenden <a href=\"\/publikationen\/newsletter\/\" target=\"_blank\" rel=\"noopener\">Newsletter<\/a>. Mitglied werden k\u00f6nnen auch Gruppen und Institutionen.<\/p>\n<p>Der Mitgliedsbeitrag betr\u00e4gt f\u00fcr Einzelmitglieder 72 Euro, f\u00fcr Gruppen 144 Euro ; Menschen mit wenig Geld (Sch\u00fclerInnen, Auszubildende, Studierende, Erwerbslose\u2026 ) zahlen einen erm\u00e4\u00dfigten Beitrag von 36 Euro. Wenn es Ihnen m\u00f6glich ist, freuen wir uns auch \u00fcber einen h\u00f6heren F\u00f6rderbeitrag.<\/p>\n<p>Mitgliedsbeitr\u00e4ge sind steuerlich absetzbar. Die K\u00fcndigung der Mitgliedschaft ist jederzeit m\u00f6glich.<\/p>\n<p>&nbsp;<\/p>\n<p><a href=\"\/wp-content\/uploads\/2018\/03\/Mitgliedsantrag.pdf\" target=\"_blank\" rel=\"noopener\">Dokument zum Selbstausdrucken<\/a><\/p>\n","protected":false},"excerpt":{"rendered":"<p>Wir laden Sie herzlich ein, Mitglied des Zimbabwe Netzwerk e.V. zu werden. Als Mitglied werden Sie zur j\u00e4hrlich stattfinden Mitgliederversammlung eingeladen und entscheiden mit \u00fcber die Arbeit des Zimbabwe Netzwerks und Sie erhalten kostenlos zwei Mal im Jahr unsere Zeitschrift<\/p>\n","protected":false},"author":1,"featured_media":0,"parent":11,"menu_order":0,"comment_status":"closed","ping_status":"closed","template":"","meta":{"footnotes":""},"class_list":["post-677","page","type-page","status-publish","hentry"],"_links":{"self":[{"href":"https:\/\/www.zimbabwe-netzwerk.de\/home\/wp-json\/wp\/v2\/pages\/677","targetHints":{"allow":["GET"]}}],"collection":[{"href":"https:\/\/www.zimbabwe-netzwerk.de\/home\/wp-json\/wp\/v2\/pages"}],"about":[{"href":"https:\/\/www.zimbabwe-netzwerk.de\/home\/wp-json\/wp\/v2\/types\/page"}],"author":[{"embeddable":true,"href":"https:\/\/www.zimbabwe-netzwerk.de\/home\/wp-json\/wp\/v2\/users\/1"}],"replies":[{"embeddable":true,"href":"https:\/\/www.zimbabwe-netzwerk.de\/home\/wp-json\/wp\/v2\/comments?post=677"}],"version-history":[{"count":30,"href":"https:\/\/www.zimbabwe-netzwerk.de\/home\/wp-json\/wp\/v2\/pages\/677\/revisions"}],"predecessor-version":[{"id":1276,"href":"https:\/\/www.zimbabwe-netzwerk.de\/home\/wp-json\/wp\/v2\/pages\/677\/revisions\/1276"}],"up":[{"embeddable":true,"href":"https:\/\/www.zimbabwe-netzwerk.de\/home\/wp-json\/wp\/v2\/pages\/11"}],"wp:attachment":[{"href":"https:\/\/www.zimbabwe-netzwerk.de\/home\/wp-json\/wp\/v2\/media?parent=677"}],"curies":[{"name":"wp","href":"https:\/\/api.w.org\/{rel}","templated":true}]}}