{"id":683,"date":"2018-01-29T11:41:59","date_gmt":"2018-01-29T10:41:59","guid":{"rendered":"http:\/\/neu.zimbabwe-netzwerk.de\/?page_id=683"},"modified":"2020-05-03T21:11:33","modified_gmt":"2020-05-03T19:11:33","slug":"spenden","status":"publish","type":"page","link":"https:\/\/www.zimbabwe-netzwerk.de\/home\/ueber-uns\/spenden\/","title":{"rendered":"Spenden"},"content":{"rendered":"<p>Die Arbeit des Zimbabwe Netzwerks wird gef\u00f6rdert von Brot f\u00fcr die Welt, Stiftung Umverteilen, Katholischer Fonds sowie Stiftung Umwelt und Entwicklung. Daneben sind wir f\u00fcr unsere Arbeit auf Spenden angewiesen. Das Zimbabwe Netzwerk ist ein gemeinn\u00fctziger Verein. Spenden sind von der Steuer absetzbar. Sie haben auch die M\u00f6glichkeit, uns durch eine F\u00f6rdermitgliedschaft zu unterst\u00fctzen.<\/p>\n<h6><\/h6>\n<h6>Unser Spendenaufruf f\u00fcr 2017\/2018:<\/h6>\n<p><strong>Es tut sich was in Zimbabwe \u2013 und das Zimbabwe Netzwerk bleibt dran<\/strong><br \/>\nNach 37 Jahren zunehmend chaotischer Regierungszeit ist Robert Mugabes Regime nun Geschichte, und die Menschen in Zimbabwe atmen auf. Ob die Hoffnungen auf bessere Zeiten sich bewahrheiten, bleibt derzeit offen. Die neue Regierung unter Emmerson Mnangagwa weist viele Kontinuit\u00e4ten auf, sendet aber auch erste positive Signale, etwa bei der Korruptionsbek\u00e4mpfung.<\/p>\n<p>Das <strong>Zimbabwe Netzwerk<\/strong> begleitet die Entwicklungen in Zimbabwe seit 1982. Auch f\u00fcr uns bricht eine neue \u00c4ra an \u2013 doch wir sind gut aufgestellt f\u00fcr die weitere Arbeit. Das ZN hat vielf\u00e4ltige Kontakte in die Zivilgesellschaft, konzentriert sich auf Themen, die f\u00fcr die Lebenswelt der Menschen in und aus<br \/>\nZimbabwe relevant sind, und st\u00e4rkt die partnerschaftliche Diskussion und Entwicklung.<br \/>\nWir sind \u00fcberzeugt: f\u00fcr diese Arbeit besteht auch weiterhin Bedarf. Gerade jetzt kommt es darauf an, sich f\u00fcr ein soziales und wirtschaftlich auflebendes, demokratisches und friedliches Zimbabwe zu engagieren. Durch die Absetzung Mugabes hat auch in Deutschland und Europa das Interesse an Zimbabwe wieder deutlich zugenommen. Mit Ihrer\/Eurer Unterst\u00fctzung kann das <strong>Zimbabwe Netzwerk<\/strong> seine Arbeit in diesen interessanten Zeiten fortsetzen, z.B. mit spannenden Seminaren mit zimbabwischen Referenten\/innen und aktuellen Informationsangeboten.<\/p>\n<p><strong> <div><strong>Bankverbindung:<\/strong><br \/>\nZimbabwe Netzwerk e.V., GLS-Bank<br \/>\n\nIBAN: DE34 4306 0967 1010 5658 00<br \/>\nBIC: GENODEM1GLS<\/div> <\/strong><br \/>\n<strong> Stichwort: Neue \u00c4ra<\/strong><\/p>\n<p>Es gr\u00fc\u00dft und dankt<br \/>\nChristoph Beninde, f\u00fcr das <strong>Zimbabwe Netzwerk<\/strong><br \/>\n<em>Bielefeld, im Dezember 2017<\/em><\/p>\n","protected":false},"excerpt":{"rendered":"<p>Die Arbeit des Zimbabwe Netzwerks wird gef\u00f6rdert von Brot f\u00fcr die Welt, Stiftung Umverteilen, Katholischer Fonds sowie Stiftung Umwelt und Entwicklung. Daneben sind wir f\u00fcr unsere Arbeit auf Spenden angewiesen. Das Zimbabwe Netzwerk ist ein gemeinn\u00fctziger Verein. Spenden sind von<\/p>\n","protected":false},"author":1,"featured_media":0,"parent":11,"menu_order":0,"comment_status":"closed","ping_status":"closed","template":"","meta":{"footnotes":""},"class_list":["post-683","page","type-page","status-publish","hentry"],"_links":{"self":[{"href":"https:\/\/www.zimbabwe-netzwerk.de\/home\/wp-json\/wp\/v2\/pages\/683","targetHints":{"allow":["GET"]}}],"collection":[{"href":"https:\/\/www.zimbabwe-netzwerk.de\/home\/wp-json\/wp\/v2\/pages"}],"about":[{"href":"https:\/\/www.zimbabwe-netzwerk.de\/home\/wp-json\/wp\/v2\/types\/page"}],"author":[{"embeddable":true,"href":"https:\/\/www.zimbabwe-netzwerk.de\/home\/wp-json\/wp\/v2\/users\/1"}],"replies":[{"embeddable":true,"href":"https:\/\/www.zimbabwe-netzwerk.de\/home\/wp-json\/wp\/v2\/comments?post=683"}],"version-history":[{"count":20,"href":"https:\/\/www.zimbabwe-netzwerk.de\/home\/wp-json\/wp\/v2\/pages\/683\/revisions"}],"predecessor-version":[{"id":1690,"href":"https:\/\/www.zimbabwe-netzwerk.de\/home\/wp-json\/wp\/v2\/pages\/683\/revisions\/1690"}],"up":[{"embeddable":true,"href":"https:\/\/www.zimbabwe-netzwerk.de\/home\/wp-json\/wp\/v2\/pages\/11"}],"wp:attachment":[{"href":"https:\/\/www.zimbabwe-netzwerk.de\/home\/wp-json\/wp\/v2\/media?parent=683"}],"curies":[{"name":"wp","href":"https:\/\/api.w.org\/{rel}","templated":true}]}}