{"id":690,"date":"2018-01-29T11:47:54","date_gmt":"2018-01-29T10:47:54","guid":{"rendered":"http:\/\/neu.zimbabwe-netzwerk.de\/?page_id=690"},"modified":"2018-01-29T11:56:44","modified_gmt":"2018-01-29T10:56:44","slug":"lobbyarbeit","status":"publish","type":"page","link":"https:\/\/www.zimbabwe-netzwerk.de\/home\/unsere-aktivitaeten\/lobbyarbeit\/","title":{"rendered":"Lobbyarbeit"},"content":{"rendered":"<p>Wir beobachten kritisch die Politik Deutschlands gegen\u00fcber Zimbabwe und dem S\u00fcdlichen Afrika. Wir versuchen, meist gemeinsam mit anderen entwicklungspolitischen Gruppen und Menschenrechts\u00adorganisationen, in Erkl\u00e4rungen oder Aufrufen gezielt Einfluss zu nehmen. Zu ausgew\u00e4hlten Themen schlie\u00dfen wir uns gr\u00f6\u00dferen Kampagnen oder Aktionsb\u00fcndnissen an, z.B. dem Aktionsb\u00fcndnis gegen AIDS.<\/p>\n","protected":false},"excerpt":{"rendered":"<p>Wir beobachten kritisch die Politik Deutschlands gegen\u00fcber Zimbabwe und dem S\u00fcdlichen Afrika. Wir versuchen, meist gemeinsam mit anderen entwicklungspolitischen Gruppen und Menschenrechts\u00adorganisationen, in Erkl\u00e4rungen oder Aufrufen gezielt Einfluss zu nehmen. Zu ausgew\u00e4hlten Themen schlie\u00dfen wir uns gr\u00f6\u00dferen Kampagnen oder Aktionsb\u00fcndnissen<\/p>\n","protected":false},"author":1,"featured_media":0,"parent":13,"menu_order":0,"comment_status":"closed","ping_status":"closed","template":"","meta":{"footnotes":""},"class_list":["post-690","page","type-page","status-publish","hentry"],"_links":{"self":[{"href":"https:\/\/www.zimbabwe-netzwerk.de\/home\/wp-json\/wp\/v2\/pages\/690","targetHints":{"allow":["GET"]}}],"collection":[{"href":"https:\/\/www.zimbabwe-netzwerk.de\/home\/wp-json\/wp\/v2\/pages"}],"about":[{"href":"https:\/\/www.zimbabwe-netzwerk.de\/home\/wp-json\/wp\/v2\/types\/page"}],"author":[{"embeddable":true,"href":"https:\/\/www.zimbabwe-netzwerk.de\/home\/wp-json\/wp\/v2\/users\/1"}],"replies":[{"embeddable":true,"href":"https:\/\/www.zimbabwe-netzwerk.de\/home\/wp-json\/wp\/v2\/comments?post=690"}],"version-history":[{"count":2,"href":"https:\/\/www.zimbabwe-netzwerk.de\/home\/wp-json\/wp\/v2\/pages\/690\/revisions"}],"predecessor-version":[{"id":701,"href":"https:\/\/www.zimbabwe-netzwerk.de\/home\/wp-json\/wp\/v2\/pages\/690\/revisions\/701"}],"up":[{"embeddable":true,"href":"https:\/\/www.zimbabwe-netzwerk.de\/home\/wp-json\/wp\/v2\/pages\/13"}],"wp:attachment":[{"href":"https:\/\/www.zimbabwe-netzwerk.de\/home\/wp-json\/wp\/v2\/media?parent=690"}],"curies":[{"name":"wp","href":"https:\/\/api.w.org\/{rel}","templated":true}]}}