{"id":949,"date":"2018-02-20T12:29:21","date_gmt":"2018-02-20T11:29:21","guid":{"rendered":"http:\/\/new.zimbabwe-netzwerk.de\/?page_id=949"},"modified":"2018-02-20T12:29:21","modified_gmt":"2018-02-20T11:29:21","slug":"archiv-zif","status":"publish","type":"page","link":"https:\/\/www.zimbabwe-netzwerk.de\/home\/publikationen\/archiv\/archiv-zif\/","title":{"rendered":"Archiv ZIF"},"content":{"rendered":"<table>\n<tbody>\n<tr class=\"n\">\n<td>Nr. 59:<\/td>\n<td>Januar 2014<\/td>\n<td>&#8222;Wie weiter? \u00ad Spielr\u00e4ume f\u00fcr Politik nach den Wahlen&#8220; <a href=\"http:\/\/archiv.zimbabwe-netzwerk.de\/Rundbrief\/RB59.pdf\">(Auszug)<\/a><\/td>\n<\/tr>\n<tr class=\"n\">\n<td>Nr. 58:<\/td>\n<td>Januar 2013<\/td>\n<td>&#8222;30 Jahre Zimbabwe Netzwerk &amp; Politisch-\u00d6konomisches&#8220; <a href=\"http:\/\/archiv.zimbabwe-netzwerk.de\/Rundbrief\/RB58.pdf\">(Auszug)<\/a><\/td>\n<\/tr>\n<tr class=\"n\">\n<td>Nr. 57:<\/td>\n<td>Mai 2012<\/td>\n<td>&#8222;30 Jahre Zimbabwe Netzwerk &#8211; 30 Jahre Schulpartnerschaft&#8220; <a href=\"http:\/\/archiv.zimbabwe-netzwerk.de\/Rundbrief\/RB57_home.pdf\">(Auszug)<\/a><\/td>\n<\/tr>\n<tr class=\"n\">\n<td>Nr. 56:<\/td>\n<td>Dezember 2011<\/td>\n<td>&#8222;Zimbabwe &#8211; zwischen Autonomie und Fremdbestimmung&#8220; <a href=\"http:\/\/archiv.zimbabwe-netzwerk.de\/Rundbrief\/RB56_home.pdf\">(Auszug)<\/a><\/td>\n<\/tr>\n<tr class=\"n\">\n<td>Nr. 55:<\/td>\n<td>Juni 2011<\/td>\n<td>&#8222;Medien&#8220;<\/td>\n<\/tr>\n<tr class=\"n\">\n<td>Nr. 54:<\/td>\n<td>10.12.2010<\/td>\n<td>&#8222;Gesundheit\/HIV\/Aids&#8220;<\/td>\n<\/tr>\n<tr class=\"n\">\n<td>Nr. 53:<\/td>\n<td>Juni 2010<\/td>\n<td>&#8222;Bildung im \u00dcbergang&#8220; (3,60\u20ac + Porto 1,-\u20ac<\/td>\n<\/tr>\n<tr class=\"n\">\n<td>Nr. 52:<\/td>\n<td>Juni 2009<\/td>\n<td>&#8222;Unity und internationale Unterst\u00fctzung&#8220; (3,50\u20ac)<\/td>\n<\/tr>\n<tr class=\"n\">\n<td>Nr. 51:<\/td>\n<td>Juni 2008<\/td>\n<td>Zwischen den Wahlen: Durch Terror zur Mehrheit? (3,50\u20ac) <a href=\"http:\/\/archiv.zimbabwe-netzwerk.de\/Rundbrief\/rb51\/\">(Inhaltsverz.)<\/a><\/td>\n<\/tr>\n<tr class=\"n\">\n<td>Nr. 50:<\/td>\n<td>Jubil\u00e4umsheft Sommer 2007 (3,50\u20ac)<\/td>\n<td><\/td>\n<\/tr>\n<tr class=\"n\">\n<td>Nr. 49:<\/td>\n<td>Dezember 2006<\/td>\n<td>Opposition und Zivilgesellschaft<\/td>\n<\/tr>\n<tr class=\"n\">\n<td>Nr. 48:<\/td>\n<td>April 2006<\/td>\n<td>Zimbabwe und die Menschenrechte<\/td>\n<\/tr>\n<tr class=\"n\">\n<td>Nr. 47:<\/td>\n<td>Juli 2005<\/td>\n<td>Zimbabwe 1. Halbjahr 2005 bis zur Operation Murambatsvina (mit Beilage)<\/td>\n<\/tr>\n<tr class=\"n\">\n<td>Nr. 46:<\/td>\n<td>August 2004;<\/td>\n<td>&#8222;\u00dcberleben in Zimbabwe&#8220;<\/td>\n<\/tr>\n<tr class=\"n\">\n<td>Nr. 45:<\/td>\n<td>November 2003<\/td>\n<td>Kultur in der Krise<\/td>\n<\/tr>\n<tr class=\"n\">\n<td>Nr. 44:<\/td>\n<td>Juni 2003;<\/td>\n<td>&#8222;AIDS in Zimbabwe&#8220;<\/td>\n<\/tr>\n<tr class=\"n\">\n<td>Nr. 43:<\/td>\n<td>Februar 2003;<\/td>\n<td>&#8222;Nahrungsmittelkrise in Zimbabwe&#8220;<\/td>\n<\/tr>\n<tr class=\"n\">\n<td>Sonderheft:<\/td>\n<td>Juli 2002;<\/td>\n<td>&#8222;Zimbabwe nach den Wahlen&#8220; (EUR 5.- einschl. Porto)<\/td>\n<\/tr>\n<tr class=\"n\">\n<td>Nr. 42:<\/td>\n<td>Juni 2002;<\/td>\n<td>&#8222;Wahlen&#8220; u.a. mit Position Commenwealth und SADC; Pers\u00f6nliche Kommentare; Neues Mediengesetz; Hunger in Zimbabwe; Bericht der Mitgliederversammlung; Rezension Ruth Weiss &#8222;Sarah&#8220;<\/td>\n<\/tr>\n<tr class=\"n\">\n<td>Nr. 41:<\/td>\n<td>Oktober 2001;<\/td>\n<td>&#8222;Versinkt Zimbabwe im Chaos?&#8220; mit Artikeln zu Zimbabwe vor den Pr\u00e4sidentschaftswahlen; Interview mit Morgan Tsvangirai; Medien und Journalisten in Zimbabwe; Landfrage; Rezensionen u.a. Yvonne Vera<\/td>\n<\/tr>\n<tr class=\"n\">\n<td>Nr. 40:<\/td>\n<td>Februar 2001;<\/td>\n<td>Kinder und Jugendliche in Zimbabwe<\/td>\n<\/tr>\n<tr class=\"n\">\n<td>Nr. 39:<\/td>\n<td>August 2000;<\/td>\n<td>Mugabe schachmatt?<\/td>\n<\/tr>\n<tr class=\"n\">\n<td>Nr. 38:<\/td>\n<td>Februar 2000;<\/td>\n<td>Aktuelles von Armut bis Zanu-Krise<\/td>\n<\/tr>\n<tr class=\"n\">\n<td>Nr. 37:<\/td>\n<td>Juni 1999;<\/td>\n<td>Politische Krise<\/td>\n<\/tr>\n<tr class=\"n\">\n<td>Nr. 36:<\/td>\n<td>November 1998;<\/td>\n<td>Land<\/td>\n<\/tr>\n<tr class=\"n\">\n<td>Nr. 35:<\/td>\n<td>April 1998;<\/td>\n<td>Globalisierung<\/td>\n<\/tr>\n<tr class=\"n\">\n<td>Nr. 34:<\/td>\n<td>Oktober 1997;<\/td>\n<td>Gesundheit<\/td>\n<\/tr>\n<tr class=\"n\">\n<td>Nr. 33:<\/td>\n<td>Mai 1997;<\/td>\n<td>Literatur<\/td>\n<\/tr>\n<tr class=\"n\">\n<td>Nr. 32:<\/td>\n<td>November 1996;<\/td>\n<td>Partnerschaft<\/td>\n<\/tr>\n<tr class=\"n\">\n<td>Nr. 31:<\/td>\n<td>Mai 1996;<\/td>\n<td>Indigenisierung<\/td>\n<\/tr>\n<tr class=\"n\">\n<td>Nr. 30:<\/td>\n<td>November 1995;<\/td>\n<td>Wahlen<\/td>\n<\/tr>\n<tr class=\"n\">\n<td>Nr. 29:<\/td>\n<td>Februar 1995;<\/td>\n<td>Strukturanpassung<\/td>\n<\/tr>\n<tr class=\"n\">\n<td>Nr. 28:<\/td>\n<td>Oktober 1994;<\/td>\n<td>Nachhaltige Hilfe? Entwicklungszusammenarbeit mit Zimbabwe<\/td>\n<\/tr>\n<tr class=\"n\">\n<td>Nr. 27:<\/td>\n<td>Dezember 1993;<\/td>\n<td>Landreform<\/td>\n<\/tr>\n<tr class=\"n\">\n<td>Nr. 26:<\/td>\n<td>Juni 1993;<\/td>\n<td>Umwelt und Entwicklung (insbesondere ENDA und CAMPFIRE)<\/td>\n<\/tr>\n<tr class=\"n\">\n<td>Nr. 25:<\/td>\n<td>Oktober 1992;<\/td>\n<td>D\u00fcrre in Zimbabwe (vergriffen)<\/td>\n<\/tr>\n<tr class=\"n\">\n<td>Nr. 24:<\/td>\n<td>April 1992;<\/td>\n<td>Zuflucht in Deutschland<\/td>\n<\/tr>\n<tr class=\"n\">\n<td>Nr. 23:<\/td>\n<td>Oktober 1991;<\/td>\n<td>\u00d6kologie<\/td>\n<\/tr>\n<tr class=\"n\">\n<td>Nr. 22:<\/td>\n<td>April 1991;<\/td>\n<td>Kultur<\/td>\n<\/tr>\n<tr class=\"n\">\n<td>Nr. 21:<\/td>\n<td>September 1990;<\/td>\n<td>10 Jahre Unabh\u00e4ngigkeit. (vergriffen)<\/td>\n<\/tr>\n<tr class=\"n\">\n<td>Nr. 19\/20:<\/td>\n<td>Juni 1990;<\/td>\n<td>Einparteienstaat?<\/td>\n<\/tr>\n<tr class=\"n\">\n<td>Nr. 18:<\/td>\n<td>November 1989;<\/td>\n<td>Behinderte<\/td>\n<\/tr>\n<tr class=\"n\">\n<td>Nr. 17:<\/td>\n<td>Juni 1989;<\/td>\n<td>Korruption &#8211; Der Willowgate-Skandal (vergriffen)<\/td>\n<\/tr>\n<tr class=\"n\">\n<td>Nr. 16:<\/td>\n<td>Dezember 1988;<\/td>\n<td>Gesundheitswesen (vergriffen)<\/td>\n<\/tr>\n<tr class=\"n\">\n<td>Nr. 15:<\/td>\n<td>August 1988;<\/td>\n<td>Projektdiskussion<\/td>\n<\/tr>\n<tr class=\"n\">\n<td>Nr. 14:<\/td>\n<td>April 1988;<\/td>\n<td>Afrika-Reise von Weizs\u00e4cker<\/td>\n<\/tr>\n<tr class=\"n\">\n<td>Nr. 13:<\/td>\n<td>Dezember 1987;<\/td>\n<td>SADCC-Teil2<\/td>\n<\/tr>\n<tr class=\"n\">\n<td>Nr. 12:<\/td>\n<td>Oktober 1987;<\/td>\n<td>SADCC<\/td>\n<\/tr>\n<tr class=\"n\">\n<td>Nr. 9:<\/td>\n<td>Oktober 1986;<\/td>\n<td>8. Blockfreien-Gipfeltreffen in Harare<\/td>\n<\/tr>\n<tr class=\"n\">\n<td>Nr. 7:<\/td>\n<td>Mai 1986;<\/td>\n<td>Deutsche Hilfe in Zimbabwe<\/td>\n<\/tr>\n<tr class=\"n\">\n<td>Nr. 6:<\/td>\n<td>August 1985;<\/td>\n<td>Entwicklungshilfe<\/td>\n<\/tr>\n<\/tbody>\n<\/table>\n","protected":false},"excerpt":{"rendered":"<p>Nr. 59: Januar 2014 &#8222;Wie weiter? \u00ad Spielr\u00e4ume f\u00fcr Politik nach den Wahlen&#8220; (Auszug) Nr. 58: Januar 2013 &#8222;30 Jahre Zimbabwe Netzwerk &amp; Politisch-\u00d6konomisches&#8220; (Auszug) Nr. 57: Mai 2012 &#8222;30 Jahre Zimbabwe Netzwerk &#8211; 30 Jahre Schulpartnerschaft&#8220; (Auszug) Nr. 56:<\/p>\n","protected":false},"author":1,"featured_media":0,"parent":643,"menu_order":0,"comment_status":"closed","ping_status":"closed","template":"","meta":{"footnotes":""},"class_list":["post-949","page","type-page","status-publish","hentry"],"_links":{"self":[{"href":"https:\/\/www.zimbabwe-netzwerk.de\/home\/wp-json\/wp\/v2\/pages\/949","targetHints":{"allow":["GET"]}}],"collection":[{"href":"https:\/\/www.zimbabwe-netzwerk.de\/home\/wp-json\/wp\/v2\/pages"}],"about":[{"href":"https:\/\/www.zimbabwe-netzwerk.de\/home\/wp-json\/wp\/v2\/types\/page"}],"author":[{"embeddable":true,"href":"https:\/\/www.zimbabwe-netzwerk.de\/home\/wp-json\/wp\/v2\/users\/1"}],"replies":[{"embeddable":true,"href":"https:\/\/www.zimbabwe-netzwerk.de\/home\/wp-json\/wp\/v2\/comments?post=949"}],"version-history":[{"count":2,"href":"https:\/\/www.zimbabwe-netzwerk.de\/home\/wp-json\/wp\/v2\/pages\/949\/revisions"}],"predecessor-version":[{"id":1055,"href":"https:\/\/www.zimbabwe-netzwerk.de\/home\/wp-json\/wp\/v2\/pages\/949\/revisions\/1055"}],"up":[{"embeddable":true,"href":"https:\/\/www.zimbabwe-netzwerk.de\/home\/wp-json\/wp\/v2\/pages\/643"}],"wp:attachment":[{"href":"https:\/\/www.zimbabwe-netzwerk.de\/home\/wp-json\/wp\/v2\/media?parent=949"}],"curies":[{"name":"wp","href":"https:\/\/api.w.org\/{rel}","templated":true}]}}